{"id":1776,"date":"2019-12-10T10:45:05","date_gmt":"2019-12-10T09:45:05","guid":{"rendered":"https:\/\/mindcare.qodeinteractive.com\/?page_id=1776"},"modified":"2026-01-14T11:54:55","modified_gmt":"2026-01-14T10:54:55","slug":"umow-wizyte","status":"publish","type":"page","link":"https:\/\/kamilhawliczek.pl\/?page_id=1776","title":{"rendered":"Um\u00f3w wizyt\u0119"},"content":{"rendered":"<p>[vc_row row_content_width=&#8221;grid&#8221;][vc_column width=&#8221;1\/2&#8243; css=&#8221;.vc_custom_1575974847551{padding-top: 110px !important;padding-bottom: 97px !important;}&#8221;][vc_column_text]Je\u015bli poszukuj\u0105 Pa\u0144stwo pomocy w problemach psychicznych zapraszam na spotkanie i rozmow\u0119.<\/p>\n<p>Kontakt pod numerem telefonu <strong>512 385 710<\/strong>.[\/vc_column_text][vc_column_text]<\/p>\n<h4>Przyjmuj\u0119: poniedzia\u0142ek, \u015broda, czwartek<\/h4>\n<p>Godziny do indywidualnego ustalenia wg dost\u0119pno\u015bci termin\u00f3w.<br \/>\nSesja indywidualna trwa 50 minut. Koszt sesji to 200 z\u0142.<br \/>\nSesja pary trwa 80 minut. Koszt sesji to 300 z\u0142.[\/vc_column_text][vc_separator color=&#8221;chino&#8221; border_width=&#8221;2&#8243;][\/vc_column][\/vc_row][vc_row parallax=&#8221;content-moving&#8221; parallax_image=&#8221;1648&#8243; content_text_alignment=&#8221;center&#8221;][vc_column][vc_row_inner row_content_width=&#8221;grid&#8221; content_text_alignment=&#8221;center&#8221; css=&#8221;.vc_custom_1574776982683{padding-top: 26px !important;padding-bottom: 60px !important;}&#8221;][vc_column_inner css=&#8221;.vc_custom_1575891533006{padding-right: 19.5% !important;padding-left: 19.5% !important;}&#8221; column_responsive_padding_1366=&#8221;0px 11%&#8221; column_responsive_padding_1024=&#8221;0px 15px&#8221; column_responsive_padding_1440=&#8221;0px 11%&#8221;][\/vc_column_inner][\/vc_row_inner][\/vc_column][\/vc_row][vc_row][vc_column][vc_separator][\/vc_column][\/vc_row]<\/p>\n","protected":false},"excerpt":{"rendered":"<p>[vc_row row_content_width=&#8221;grid&#8221;][vc_column width=&#8221;1\/2&#8243; css=&#8221;.vc_custom_1575974847551{padding-top: 110px !important;padding-bottom: 97px !important;}&#8221;][vc_column_text]Je\u015bli poszukuj\u0105 Pa\u0144stwo pomocy w problemach psychicznych zapraszam na spotkanie i rozmow\u0119. Kontakt pod numerem telefonu 512 385 710.[\/vc_column_text][vc_column_text] Przyjmuj\u0119: poniedzia\u0142ek, \u015broda, czwartek Godziny do indywidualnego ustalenia wg dost\u0119pno\u015bci termin\u00f3w. Sesja indywidualna trwa 50 minut. Koszt sesji to 200 z\u0142. Sesja pary trwa 80 minut. Koszt sesji to [&hellip;]<\/p>\n","protected":false},"author":1,"featured_media":0,"parent":0,"menu_order":0,"comment_status":"closed","ping_status":"closed","template":"page-full-width.php","meta":{"om_disable_all_campaigns":false,"_monsterinsights_skip_tracking":false,"_monsterinsights_sitenote_active":false,"_monsterinsights_sitenote_note":"","_monsterinsights_sitenote_category":0},"yoast_head":"<!-- This site is optimized with the Yoast SEO Premium plugin v17.8 (Yoast SEO v18.5.1) - https:\/\/yoast.com\/wordpress\/plugins\/seo\/ -->\n<title>Um\u00f3w wizyt\u0119 - kamilhawliczek.pl<\/title>\n<meta name=\"robots\" content=\"index, follow, max-snippet:-1, max-image-preview:large, max-video-preview:-1\" \/>\n<link rel=\"canonical\" href=\"https:\/\/kamilhawliczek.pl\/?page_id=1776\" \/>\n<meta property=\"og:locale\" content=\"pl_PL\" \/>\n<meta property=\"og:type\" content=\"article\" \/>\n<meta property=\"og:title\" content=\"Um\u00f3w wizyt\u0119\" \/>\n<meta property=\"og:description\" content=\"[vc_row row_content_width=&#8221;grid&#8221;][vc_column width=&#8221;1\/2&#8243; css=&#8221;.vc_custom_1575974847551{padding-top: 110px !important;padding-bottom: 97px !important;}&#8221;][vc_column_text]Je\u015bli poszukuj\u0105 Pa\u0144stwo pomocy w problemach psychicznych zapraszam na spotkanie i rozmow\u0119. Kontakt pod numerem telefonu 512 385 710.[\/vc_column_text][vc_column_text] Przyjmuj\u0119: poniedzia\u0142ek, \u015broda, czwartek Godziny do indywidualnego ustalenia wg dost\u0119pno\u015bci termin\u00f3w. Sesja indywidualna trwa 50 minut. Koszt sesji to 200 z\u0142. Sesja pary trwa 80 minut. Koszt sesji to [&hellip;]\" \/>\n<meta property=\"og:url\" content=\"https:\/\/kamilhawliczek.pl\/?page_id=1776\" \/>\n<meta property=\"og:site_name\" content=\"kamilhawliczek.pl\" \/>\n<meta property=\"article:modified_time\" content=\"2026-01-14T10:54:55+00:00\" \/>\n<meta name=\"twitter:card\" content=\"summary_large_image\" \/>\n<meta name=\"twitter:label1\" content=\"Szacowany czas czytania\" \/>\n\t<meta name=\"twitter:data1\" content=\"1 minuta\" \/>\n<script type=\"application\/ld+json\" class=\"yoast-schema-graph\">{\"@context\":\"https:\/\/schema.org\",\"@graph\":[{\"@type\":\"WebSite\",\"@id\":\"https:\/\/kamilhawliczek.pl\/#website\",\"url\":\"https:\/\/kamilhawliczek.pl\/\",\"name\":\"kamilhawliczek.pl\",\"description\":\"Psycholog, psychoterapeuta Kamil Hawliczek\",\"potentialAction\":[{\"@type\":\"SearchAction\",\"target\":{\"@type\":\"EntryPoint\",\"urlTemplate\":\"https:\/\/kamilhawliczek.pl\/?s={search_term_string}\"},\"query-input\":\"required name=search_term_string\"}],\"inLanguage\":\"pl-PL\"},{\"@type\":\"WebPage\",\"@id\":\"https:\/\/kamilhawliczek.pl\/?page_id=1776#webpage\",\"url\":\"https:\/\/kamilhawliczek.pl\/?page_id=1776\",\"name\":\"Um\u00f3w wizyt\u0119 - kamilhawliczek.pl\",\"isPartOf\":{\"@id\":\"https:\/\/kamilhawliczek.pl\/#website\"},\"datePublished\":\"2019-12-10T09:45:05+00:00\",\"dateModified\":\"2026-01-14T10:54:55+00:00\",\"breadcrumb\":{\"@id\":\"https:\/\/kamilhawliczek.pl\/?page_id=1776#breadcrumb\"},\"inLanguage\":\"pl-PL\",\"potentialAction\":[{\"@type\":\"ReadAction\",\"target\":[\"https:\/\/kamilhawliczek.pl\/?page_id=1776\"]}]},{\"@type\":\"BreadcrumbList\",\"@id\":\"https:\/\/kamilhawliczek.pl\/?page_id=1776#breadcrumb\",\"itemListElement\":[{\"@type\":\"ListItem\",\"position\":1,\"name\":\"Home\",\"item\":\"https:\/\/kamilhawliczek.pl\/\"},{\"@type\":\"ListItem\",\"position\":2,\"name\":\"Um\u00f3w wizyt\u0119\"}]}]}<\/script>\n<!-- \/ Yoast SEO Premium plugin. -->","yoast_head_json":{"title":"Um\u00f3w wizyt\u0119 - kamilhawliczek.pl","robots":{"index":"index","follow":"follow","max-snippet":"max-snippet:-1","max-image-preview":"max-image-preview:large","max-video-preview":"max-video-preview:-1"},"canonical":"https:\/\/kamilhawliczek.pl\/?page_id=1776","og_locale":"pl_PL","og_type":"article","og_title":"Um\u00f3w wizyt\u0119","og_description":"[vc_row row_content_width=&#8221;grid&#8221;][vc_column width=&#8221;1\/2&#8243; css=&#8221;.vc_custom_1575974847551{padding-top: 110px !important;padding-bottom: 97px !important;}&#8221;][vc_column_text]Je\u015bli poszukuj\u0105 Pa\u0144stwo pomocy w problemach psychicznych zapraszam na spotkanie i rozmow\u0119. Kontakt pod numerem telefonu 512 385 710.[\/vc_column_text][vc_column_text] Przyjmuj\u0119: poniedzia\u0142ek, \u015broda, czwartek Godziny do indywidualnego ustalenia wg dost\u0119pno\u015bci termin\u00f3w. Sesja indywidualna trwa 50 minut. Koszt sesji to 200 z\u0142. Sesja pary trwa 80 minut. Koszt sesji to [&hellip;]","og_url":"https:\/\/kamilhawliczek.pl\/?page_id=1776","og_site_name":"kamilhawliczek.pl","article_modified_time":"2026-01-14T10:54:55+00:00","twitter_card":"summary_large_image","twitter_misc":{"Szacowany czas czytania":"1 minuta"},"schema":{"@context":"https:\/\/schema.org","@graph":[{"@type":"WebSite","@id":"https:\/\/kamilhawliczek.pl\/#website","url":"https:\/\/kamilhawliczek.pl\/","name":"kamilhawliczek.pl","description":"Psycholog, psychoterapeuta Kamil Hawliczek","potentialAction":[{"@type":"SearchAction","target":{"@type":"EntryPoint","urlTemplate":"https:\/\/kamilhawliczek.pl\/?s={search_term_string}"},"query-input":"required name=search_term_string"}],"inLanguage":"pl-PL"},{"@type":"WebPage","@id":"https:\/\/kamilhawliczek.pl\/?page_id=1776#webpage","url":"https:\/\/kamilhawliczek.pl\/?page_id=1776","name":"Um\u00f3w wizyt\u0119 - kamilhawliczek.pl","isPartOf":{"@id":"https:\/\/kamilhawliczek.pl\/#website"},"datePublished":"2019-12-10T09:45:05+00:00","dateModified":"2026-01-14T10:54:55+00:00","breadcrumb":{"@id":"https:\/\/kamilhawliczek.pl\/?page_id=1776#breadcrumb"},"inLanguage":"pl-PL","potentialAction":[{"@type":"ReadAction","target":["https:\/\/kamilhawliczek.pl\/?page_id=1776"]}]},{"@type":"BreadcrumbList","@id":"https:\/\/kamilhawliczek.pl\/?page_id=1776#breadcrumb","itemListElement":[{"@type":"ListItem","position":1,"name":"Home","item":"https:\/\/kamilhawliczek.pl\/"},{"@type":"ListItem","position":2,"name":"Um\u00f3w wizyt\u0119"}]}]}},"_links":{"self":[{"href":"https:\/\/kamilhawliczek.pl\/index.php?rest_route=\/wp\/v2\/pages\/1776"}],"collection":[{"href":"https:\/\/kamilhawliczek.pl\/index.php?rest_route=\/wp\/v2\/pages"}],"about":[{"href":"https:\/\/kamilhawliczek.pl\/index.php?rest_route=\/wp\/v2\/types\/page"}],"author":[{"embeddable":true,"href":"https:\/\/kamilhawliczek.pl\/index.php?rest_route=\/wp\/v2\/users\/1"}],"replies":[{"embeddable":true,"href":"https:\/\/kamilhawliczek.pl\/index.php?rest_route=%2Fwp%2Fv2%2Fcomments&post=1776"}],"version-history":[{"count":23,"href":"https:\/\/kamilhawliczek.pl\/index.php?rest_route=\/wp\/v2\/pages\/1776\/revisions"}],"predecessor-version":[{"id":3160,"href":"https:\/\/kamilhawliczek.pl\/index.php?rest_route=\/wp\/v2\/pages\/1776\/revisions\/3160"}],"wp:attachment":[{"href":"https:\/\/kamilhawliczek.pl\/index.php?rest_route=%2Fwp%2Fv2%2Fmedia&parent=1776"}],"curies":[{"name":"wp","href":"https:\/\/api.w.org\/{rel}","templated":true}]}}