{"id":2519,"date":"2019-11-01T11:01:01","date_gmt":"2019-11-01T10:01:01","guid":{"rendered":"https:\/\/mindcare.qodeinteractive.com\/?page_id=7"},"modified":"2024-01-20T01:02:19","modified_gmt":"2024-01-20T00:02:19","slug":"o-mnie","status":"publish","type":"page","link":"https:\/\/kamilhawliczek.pl\/","title":{"rendered":"Main home"},"content":{"rendered":"<p>[vc_row][vc_column]\n\t\t\t<!-- START MainHome REVOLUTION SLIDER 6.5.9 --><p class=\"rs-p-wp-fix\"><\/p>\n\t\t\t<rs-module-wrap id=\"rev_slider_10_1_wrapper\" data-source=\"gallery\" style=\"visibility:hidden;background:#cf8e74;padding:0;\">\n\t\t\t\t<rs-module id=\"rev_slider_10_1\" style=\"\" data-version=\"6.5.9\">\n\t\t\t\t\t<rs-slides>\n\t\t\t\t\t\t<rs-slide style=\"position: absolute;\" data-key=\"rs-32\" data-title=\"Slide\" data-thumb=\"\/\/kamilhawliczek.pl\/wp-content\/uploads\/2022\/02\/Zdjecie-1-do-internetu-50x100.jpg\" data-anim=\"ms:600ms;\" data-in=\"o:0;\" data-out=\"a:false;\">\n\t\t\t\t\t\t\t<img src=\"\/\/kamilhawliczek.pl\/wp-content\/plugins\/revslider\/public\/assets\/assets\/dummy.png\" title=\"Zdjecie-1-do-internetu\" width=\"1920\" height=\"1034\" class=\"rev-slidebg tp-rs-img rs-lazyload\" data-lazyload=\"\/\/kamilhawliczek.pl\/wp-content\/uploads\/2022\/02\/Zdjecie-1-do-internetu.jpg\" data-bg=\"p:5% 20%;\" data-parallax=\"3\" data-no-retina>\n<!--\n\t\t\t\t\t\t\t--><rs-layer\n\t\t\t\t\t\t\t\tid=\"slider-10-slide-32-layer-2\" \n\t\t\t\t\t\t\t\tdata-type=\"text\"\n\t\t\t\t\t\t\t\tdata-xy=\"x:c;xo:300px,257px,0,-37px;y:m;yo:-87px,-101px,-96px,-97px;\"\n\t\t\t\t\t\t\t\tdata-text=\"w:normal,normal,normal,nowrap;s:102,110,100,42;l:110,120,110,51;fw:600;\"\n\t\t\t\t\t\t\t\tdata-dim=\"w:auto,auto,auto,201px;\"\n\t\t\t\t\t\t\t\tdata-basealign=\"slide\"\n\t\t\t\t\t\t\t\tdata-rsp_o=\"off\"\n\t\t\t\t\t\t\t\tdata-rsp_bd=\"off\"\n\t\t\t\t\t\t\t\tdata-frame_0=\"y:41px,41px,41px,28px;\"\n\t\t\t\t\t\t\t\tdata-frame_1=\"e:sine.inOut;st:320;sp:700;\"\n\t\t\t\t\t\t\t\tdata-frame_999=\"o:0;st:w;sR:2700;\"\n\t\t\t\t\t\t\t\tstyle=\"z-index:10;font-family:'Cormorant Garamond';\"\n\t\t\t\t\t\t\t>Kamil Hawliczek \n\t\t\t\t\t\t\t<\/rs-layer><!--\n\n\t\t\t\t\t\t\t--><rs-layer\n\t\t\t\t\t\t\t\tid=\"slider-10-slide-32-layer-3\" \n\t\t\t\t\t\t\t\tdata-type=\"text\"\n\t\t\t\t\t\t\t\tdata-color=\"#fff\"\n\t\t\t\t\t\t\t\tdata-xy=\"x:c;xo:343px,290px,202px,31px;y:m;yo:24px,20px,13px,-37px;\"\n\t\t\t\t\t\t\t\tdata-text=\"w:normal;s:32,27,18,12;l:51,43,30,22;fw:300;\"\n\t\t\t\t\t\t\t\tdata-dim=\"w:auto,auto,auto,219px;minh:0,none,none,none;\"\n\t\t\t\t\t\t\t\tdata-basealign=\"slide\"\n\t\t\t\t\t\t\t\tdata-rsp_o=\"off\"\n\t\t\t\t\t\t\t\tdata-rsp_bd=\"off\"\n\t\t\t\t\t\t\t\tdata-frame_0=\"y:80px,67px,46px,34px;\"\n\t\t\t\t\t\t\t\tdata-frame_1=\"e:sine.inOut;st:390;sp:700;\"\n\t\t\t\t\t\t\t\tdata-frame_999=\"o:0;st:w;sR:2600;\"\n\t\t\t\t\t\t\t\tstyle=\"z-index:8;font-family:'Raleway';\"\n\t\t\t\t\t\t\t>Przestrze\u0144 na spotkanie i rozmow\u0119 \n\t\t\t\t\t\t\t<\/rs-layer><!--\n-->\t\t\t\t\t\t<\/rs-slide>\n\t\t\t\t\t\t<rs-slide style=\"position: absolute;\" data-key=\"rs-23\" data-title=\"Slide\" data-thumb=\"\/\/kamilhawliczek.pl\/wp-content\/uploads\/2022\/02\/Zdjecie-2-do-internetu-50x100.jpg\" data-in=\"o:0;\" data-out=\"a:false;\">\n\t\t\t\t\t\t\t<img src=\"\/\/kamilhawliczek.pl\/wp-content\/plugins\/revslider\/public\/assets\/assets\/dummy.png\" title=\"Zdjecie-2-do-internetu\" width=\"1920\" height=\"1034\" class=\"rev-slidebg tp-rs-img rs-lazyload\" data-lazyload=\"\/\/kamilhawliczek.pl\/wp-content\/uploads\/2022\/02\/Zdjecie-2-do-internetu.jpg\" data-parallax=\"3\" data-no-retina>\n<!--\n\t\t\t\t\t\t\t--><rs-layer\n\t\t\t\t\t\t\t\tid=\"slider-10-slide-23-layer-2\" \n\t\t\t\t\t\t\t\tdata-type=\"text\"\n\t\t\t\t\t\t\t\tdata-xy=\"x:c;xo:3px,0,0,-7px;y:m;yo:-146px,-101px,-96px,-141px;\"\n\t\t\t\t\t\t\t\tdata-text=\"w:normal;s:125,110,100,53;l:135,120,110,44;fw:600;a:center;\"\n\t\t\t\t\t\t\t\tdata-dim=\"w:auto,auto,832px,269px;\"\n\t\t\t\t\t\t\t\tdata-basealign=\"slide\"\n\t\t\t\t\t\t\t\tdata-rsp_o=\"off\"\n\t\t\t\t\t\t\t\tdata-rsp_bd=\"off\"\n\t\t\t\t\t\t\t\tdata-frame_0=\"x:0,0,0,0px;y:50,50,50,44px;\"\n\t\t\t\t\t\t\t\tdata-frame_1=\"x:0,0,0,0px;y:0,0,0,0px;e:sine.inOut;st:320;sp:700;sR:320;\"\n\t\t\t\t\t\t\t\tdata-frame_999=\"o:0;st:w;sR:5480;\"\n\t\t\t\t\t\t\t\tstyle=\"z-index:10;font-family:'Cormorant Garamond';\"\n\t\t\t\t\t\t\t>Psychoterapia \n\t\t\t\t\t\t\t<\/rs-layer><!--\n\n\t\t\t\t\t\t\t--><rs-layer\n\t\t\t\t\t\t\t\tid=\"slider-10-slide-23-layer-3\" \n\t\t\t\t\t\t\t\tdata-type=\"text\"\n\t\t\t\t\t\t\t\tdata-xy=\"x:c;xo:16px,0,0,3px;y:m;yo:-50px,-2px,3px,-77px;\"\n\t\t\t\t\t\t\t\tdata-text=\"w:normal;s:24,24,24,17;l:38,38,38,27;fw:300;a:center;\"\n\t\t\t\t\t\t\t\tdata-dim=\"w:796,655px,655px,289px;\"\n\t\t\t\t\t\t\t\tdata-basealign=\"slide\"\n\t\t\t\t\t\t\t\tdata-rsp_o=\"off\"\n\t\t\t\t\t\t\t\tdata-rsp_bd=\"off\"\n\t\t\t\t\t\t\t\tdata-frame_0=\"y:60px,60px,60px,61px;\"\n\t\t\t\t\t\t\t\tdata-frame_1=\"e:sine.inOut;st:390;sp:700;sR:390;\"\n\t\t\t\t\t\t\t\tdata-frame_999=\"o:0;st:w;sR:5410;\"\n\t\t\t\t\t\t\t\tstyle=\"z-index:9;font-family:'Open Sans';\"\n\t\t\t\t\t\t\t>Spotkanie i Akceptacja \n\t\t\t\t\t\t\t<\/rs-layer><!--\n-->\t\t\t\t\t\t<\/rs-slide>\n\t\t\t\t\t\t<rs-slide style=\"position: absolute;\" data-key=\"rs-24\" data-title=\"Slide\" data-thumb=\"\/\/kamilhawliczek.pl\/wp-content\/uploads\/2022\/02\/Zdjecie-3-do-Internetu-50x100.jpg\" data-in=\"o:0;\" data-out=\"a:false;\">\n\t\t\t\t\t\t\t<img src=\"\/\/kamilhawliczek.pl\/wp-content\/plugins\/revslider\/public\/assets\/assets\/dummy.png\" title=\"Zdjecie-3-do-Internetu\" width=\"1920\" height=\"1034\" class=\"rev-slidebg tp-rs-img rs-lazyload\" data-lazyload=\"\/\/kamilhawliczek.pl\/wp-content\/uploads\/2022\/02\/Zdjecie-3-do-Internetu.jpg\" data-parallax=\"3\" data-no-retina>\n<!--\n\t\t\t\t\t\t\t--><rs-layer\n\t\t\t\t\t\t\t\tid=\"slider-10-slide-24-layer-2\" \n\t\t\t\t\t\t\t\tdata-type=\"text\"\n\t\t\t\t\t\t\t\tdata-xy=\"x:c;xo:22px,0,0,-1px;y:m;yo:-116px,-101px,-96px,-58px;\"\n\t\t\t\t\t\t\t\tdata-text=\"w:normal;s:125,110,100,55;l:135,120,110,46;fw:600;a:center;\"\n\t\t\t\t\t\t\t\tdata-dim=\"w:auto,auto,832px,303px;\"\n\t\t\t\t\t\t\t\tdata-basealign=\"slide\"\n\t\t\t\t\t\t\t\tdata-rsp_o=\"off\"\n\t\t\t\t\t\t\t\tdata-rsp_bd=\"off\"\n\t\t\t\t\t\t\t\tdata-frame_0=\"x:0,0,0,0px;y:50,50,50,46px;\"\n\t\t\t\t\t\t\t\tdata-frame_1=\"x:0,0,0,0px;y:0,0,0,0px;e:sine.inOut;st:320;sp:700;sR:320;\"\n\t\t\t\t\t\t\t\tdata-frame_999=\"o:0;st:w;sR:5480;\"\n\t\t\t\t\t\t\t\tstyle=\"z-index:10;font-family:'Cormorant Garamond';\"\n\t\t\t\t\t\t\t>Profesjonalna pomoc \n\t\t\t\t\t\t\t<\/rs-layer><!--\n\n\t\t\t\t\t\t\t--><rs-layer\n\t\t\t\t\t\t\t\tid=\"slider-10-slide-24-layer-3\" \n\t\t\t\t\t\t\t\tdata-type=\"text\"\n\t\t\t\t\t\t\t\tdata-xy=\"x:c;xo:43px,0,0,-6px;y:m;yo:-18px,-2px,3px,52px;\"\n\t\t\t\t\t\t\t\tdata-text=\"w:normal;s:20,20,20,17;l:32,32,32,26;fw:300;a:center;\"\n\t\t\t\t\t\t\t\tdata-dim=\"w:691px,661px,661px,299px;\"\n\t\t\t\t\t\t\t\tdata-basealign=\"slide\"\n\t\t\t\t\t\t\t\tdata-rsp_o=\"off\"\n\t\t\t\t\t\t\t\tdata-rsp_bd=\"off\"\n\t\t\t\t\t\t\t\tdata-frame_0=\"y:50;\"\n\t\t\t\t\t\t\t\tdata-frame_1=\"e:sine.inOut;st:390;sp:700;sR:390;\"\n\t\t\t\t\t\t\t\tdata-frame_999=\"o:0;st:w;sR:5410;\"\n\t\t\t\t\t\t\t\tstyle=\"z-index:9;font-family:'Open Sans';\"\n\t\t\t\t\t\t\t>Porozmawiajmy o tym co czujesz \n\t\t\t\t\t\t\t<\/rs-layer><!--\n-->\t\t\t\t\t\t<\/rs-slide>\n\t\t\t\t\t<\/rs-slides>\n\t\t\t\t\t<rs-static-layers><!--\n\t\t\t\t\t--><\/rs-static-layers>\n\t\t\t\t<\/rs-module>\n\t\t\t\t<script type=\"text\/javascript\">\n\t\t\t\t\tsetREVStartSize({c: 'rev_slider_10_1',rl:[1240,1024,778,480],el:[700,640,960,560],gw:[1300,1100,768,320],gh:[700,640,960,560],type:'standard',justify:'',layout:'fullscreen',offsetContainer:'html.touchevents #qodef-page-mobile-header, html:not(.touchevents) #qodef-page-header, html:not(.touchevents) #qodef-top-area',offset:'0px',mh:\"0\"});if (window.RS_MODULES!==undefined && window.RS_MODULES.modules!==undefined && window.RS_MODULES.modules[\"revslider101\"]!==undefined) {window.RS_MODULES.modules[\"revslider101\"].once = false;window.revapi10 = undefined;if (window.RS_MODULES.checkMinimal!==undefined) window.RS_MODULES.checkMinimal()}\n\t\t\t\t<\/script>\n\t\t\t<\/rs-module-wrap>\n\t\t\t<!-- END REVOLUTION SLIDER -->\n[vc_empty_space height=&#8221;150px&#8221;][vc_row_inner][vc_column_inner]<div class=\"qodef-shortcode qodef-m  qodef-testimonials-list  qodef-grid qodef-layout--columns    qodef-item-layout--info-below qodef-responsive--predefined\">\n\t<div class=\"qodef-grid-inner clear\">\n\t\t<div class=\"qodef-e qodef-grid-item\">\n\t<div class=\"qodef-e-inner\">\n\t\t<span class=\"qodef-e-mark\"><svg xmlns=\"http:\/\/www.w3.org\/2000\/svg\" xmlns:xlink=\"http:\/\/www.w3.org\/1999\/xlink\" x=\"0px\" y=\"0px\"\n\t\t width=\"35px\" height=\"28px\" viewBox=\"0 0 35 28\" enable-background=\"new 0 0 35 28\" xml:space=\"preserve\">\n\t\t<g>\n\t\t<path fill=\"#231E5D\" d=\"M11.75,3.8c1.266,1.7,1.9,4.15,1.9,7.35c0,2.935-0.65,5.634-1.95,8.1c-1.3,2.467-3.217,4.934-5.75,7.4\n\t\t\tc-0.067,0.067-0.167,0.1-0.3,0.1c-0.2,0-0.367-0.1-0.5-0.3c-0.134-0.2-0.134-0.365,0-0.5c3.266-3.333,4.9-7.266,4.9-11.8\n\t\t\tc0-1.866-0.334-3.233-1-4.1c-0.6,1-1.767,1.5-3.5,1.5c-1.467,0-2.634-0.45-3.5-1.35c-0.867-0.9-1.3-2.115-1.3-3.65\n\t\t\tc0-1.666,0.516-2.965,1.55-3.9c1.033-0.933,2.45-1.4,4.25-1.4C8.75,1.25,10.483,2.1,11.75,3.8z\"\/>\n\t\t<path fill=\"#231E5D\" d=\"M32.349,3.8c1.266,1.7,1.9,4.15,1.9,7.35c0,2.935-0.65,5.634-1.95,8.1c-1.3,2.467-3.217,4.934-5.75,7.4\n\t\t\tc-0.067,0.067-0.167,0.1-0.3,0.1c-0.2,0-0.367-0.1-0.5-0.3c-0.135-0.2-0.135-0.365,0-0.5c3.266-3.333,4.9-7.266,4.9-11.8\n\t\t\tc0-1.866-0.335-3.233-1-4.1c-0.601,1-1.768,1.5-3.5,1.5c-1.468,0-2.635-0.45-3.5-1.35c-0.867-0.9-1.301-2.115-1.301-3.65\n\t\t\tc0-1.666,0.516-2.965,1.551-3.9c1.032-0.933,2.449-1.4,4.25-1.4C29.349,1.25,31.083,2.1,32.349,3.8z\"\/>\n\t\t<\/g>\n\t\t<\/svg><\/span>\n\t\t<div class=\"qodef-e-content\">\n\t\t\t\t\t\t\t\t\t\t<h4 itemprop=\"description\" class=\"qodef-e-text\">\n\t\tCelem jest przedstawienie pacjenta najwa\u017cniejszej osobie, z kt\u00f3r\u0105 b\u0119dzie mia\u0142 do czynienia, a mianowicie jemu samemu\r\n\t<\/h4>\n\t\t\t<h6 class=\"qodef-e-author\">\n\t<span class=\"qodef-e-author-name\">\n\t\tWilfred Bion\t<\/span>\n\t<span class=\"qodef-e-author-job\">\n\t\t\t<\/span>\n<\/h6>\n\t\t<\/div>\n\t<\/div>\n<\/div>\t<\/div>\n<\/div>[\/vc_column_inner][\/vc_row_inner][vc_separator][\/vc_column][\/vc_row][vc_row gap=&#8221;25&#8243; equal_height=&#8221;yes&#8221;][vc_column][vc_column_text]<\/p>\n<h3 style=\"text-align: center;\">O mnie<\/h3>\n<p>[\/vc_column_text][vc_column_text css=&#8221;.vc_custom_1644869199628{padding-right: 20% !important;padding-left: 20% !important;}&#8221;]<\/p>\n<p style=\"text-align: center;\"><em>Psychoterapeuta z wykszta\u0142ceniem psychologicznym. Ponad 20 lat do\u015bwiadczenia zawodowego zwi\u0105zanego z pomoc\u0105 psychologiczn\u0105.<\/em><br \/>\n<em>Zdecydowana cz\u0119\u015b\u0107 mojej pracy to kontakt indywidualny z pacjentem, ale pracowa\u0142em i pracuj\u0119 tak\u017ce z parami i rodzinami.<\/em><br \/>\n<em>W leczeniu pacjent\u00f3w opieram si\u0119 na metodach psychoterapii psychodynamicznej. Wi\u0119cej szczeg\u00f3\u0142owych informacji o moim podej\u015bciu do leczenia pacjent\u00f3w i o tym jak ono przebiega znajdziesz <a href=\"https:\/\/kamilhawliczek.pl\/?page_id=1659\">znajdziesz tu<\/a>.<\/em><br \/>\n<em>Psychoterapia jak\u0105 oferuj\u0119 jest metod\u0105 leczenia szczeg\u00f3lnie pomocn\u0105 przy trudno\u015bciach zwi\u0105zanych z prze\u017cywanymi depresj\u0105 i przygn\u0119bieniem oraz l\u0119kiem i wszelkimi jego przejawami jak ataki paniki, cz\u0119sty niepok\u00f3j, stres i objawy fizyczne zwi\u0105zane z jego przewlek\u0142o\u015bci\u0105, r\u00f3\u017cnorodnej tre\u015bci natr\u0119tnymi my\u015blami itp. Skutecznie udaje mi si\u0119 tak\u017ce pomaga\u0107 pacjentom prze\u017cywaj\u0105cym trudno\u015bci w kontaktach z innymi lud\u017ami, czy to w zwi\u0105zku z niepewno\u015bci\u0105<br \/>\n<\/em><em>i wycofaniem, z nisk\u0105 samoocen\u0105 czy te\u017c poprzez z\u0142o\u015b\u0107 i powtarzaj\u0105ce si\u0119 konflikty i nieporozumienia.<br \/>\nW trakcie lat mojej praktyki zawodowej zajmowa\u0142em si\u0119 osobami potrzebuj\u0105cymi pomocy psychologicznej na oddziale og\u00f3lnopsychiatrycznym jasielskiego szpitala; z osobami uzale\u017cnionymi i ich rodzinami w poradni leczenia uzale\u017cnie\u0144, tworz\u0105c i prowadz\u0105c programy terapeutyczne; z pacjentami poradni zdrowia psychicznego, zar\u00f3wno jako diagnosta jak i psychoterapeuta. Aktualnie jako psychoterapeuta os\u00f3b indywidualnych i grup, pomagam pacjentom kro\u015bnie\u0144skiego Centrum Leczenia Nerwic, gdzie prowadz\u0119 tak\u017ce praktyk\u0119 prywatn\u0105.<\/em>[\/vc_column_text][vc_empty_space height=&#8221;80px&#8221;][\/vc_column][vc_column css=&#8221;.vc_custom_1644865954328{padding-top: 20% !important;padding-right: 25% !important;padding-bottom: 0% !important;padding-left: 25% !important;background-color: #f6f3ee !important;}&#8221; column_responsive_padding_1440=&#8221;19.5% 0% 0% 22%&#8221; column_responsive_padding_1366=&#8221;18% 0% 0% 22%&#8221; column_responsive_padding_1280=&#8221;16.5% 0% 0% 16%&#8221; column_responsive_padding_1024=&#8221;8% 0% 2% 14%&#8221; offset=&#8221;vc_col-lg-6 vc_col-md-6 vc_col-xs-12&#8243; column_responsive_padding_768=&#8221;12.5% 0% 8.5% 12.5%&#8221; column_responsive_padding_680=&#8221;100px 12% 70px 12%&#8221;][vc_column_text]<\/p>\n<h3 style=\"text-align: center;\"><span style=\"color: #383854;\">Posiadam szerokie wykszta\u0142cenie<br \/>\nw zakresie psychoterapii i jej metod. Pracuj\u0119 wg standard\u00f3w etycznych <a style=\"color: #383854;\" href=\"http:\/\/www.sekcjapsychoterapii.pl\/kodeks-etyczny\/\">Polskiego Towarzystwa Psychologicznego<\/a>, kt\u00f3rego jestem cz\u0142onkiem. Wszystko co poruszane jest na spotkaniu ma charakter poufny.<br \/>\nSwoj\u0105 prac\u0119 psychoterapeutyczn\u0105 poddaj\u0119 <a style=\"color: #383854;\" href=\"https:\/\/pl.wikipedia.org\/wiki\/Superwizja_(psychoterapia)\">superwizji<\/a><\/span><\/h3>\n<p>[\/vc_column_text][vc_row_inner content_text_alignment=&#8221;center&#8221; css=&#8221;.vc_custom_1572623666218{margin-right: 0px !important;margin-left: 0px !important;}&#8221;][vc_column_inner][vc_single_image image=&#8221;2753&#8243; img_size=&#8221;large&#8221; alignment=&#8221;center&#8221;][\/vc_column_inner][\/vc_row_inner][\/vc_column][vc_column css=&#8221;.vc_custom_1574762401139{padding-top: 0px !important;padding-right: 0px !important;padding-left: 0px !important;}&#8221; offset=&#8221;vc_col-lg-6 vc_col-md-6 vc_col-xs-12&#8243;]<div class=\"qodef-shortcode qodef-m  qodef-image-with-text qodef-layout--text-below\">\n\t<div class=\"qodef-m-image\">\n\t\t\t<img width=\"1280\" height=\"1280\" src=\"https:\/\/kamilhawliczek.pl\/wp-content\/uploads\/2019\/11\/h1-img-3.jpg\" class=\"attachment-full size-full\" alt=\"counseling\" loading=\"lazy\" srcset=\"https:\/\/kamilhawliczek.pl\/wp-content\/uploads\/2019\/11\/h1-img-3.jpg 1280w, https:\/\/kamilhawliczek.pl\/wp-content\/uploads\/2019\/11\/h1-img-3-300x300.jpg 300w, https:\/\/kamilhawliczek.pl\/wp-content\/uploads\/2019\/11\/h1-img-3-100x100.jpg 100w, https:\/\/kamilhawliczek.pl\/wp-content\/uploads\/2019\/11\/h1-img-3-600x600.jpg 600w, https:\/\/kamilhawliczek.pl\/wp-content\/uploads\/2019\/11\/h1-img-3-1024x1024.jpg 1024w, https:\/\/kamilhawliczek.pl\/wp-content\/uploads\/2019\/11\/h1-img-3-150x150.jpg 150w, https:\/\/kamilhawliczek.pl\/wp-content\/uploads\/2019\/11\/h1-img-3-768x768.jpg 768w, https:\/\/kamilhawliczek.pl\/wp-content\/uploads\/2019\/11\/h1-img-3-650x650.jpg 650w\" sizes=\"(max-width: 1280px) 100vw, 1280px\" \/>\t<\/div>\t<\/div>[\/vc_column][\/vc_row][vc_row css=&#8221;.vc_custom_1572877440388{background-color: #f6f3ee !important;}&#8221;][vc_column][vc_row_inner row_content_width=&#8221;grid&#8221; css=&#8221;.vc_custom_1576490873046{padding-top: 76px !important;padding-bottom: 110px !important;}&#8221;][vc_column_inner offset=&#8221;vc_col-lg-6 vc_col-md-12 vc_col-xs-12&#8243; css=&#8221;.vc_custom_1574767919266{padding-top: 0px !important;padding-right: 0px !important;padding-bottom: 0px !important;padding-left: 0px !important;}&#8221; column_responsive_padding_1024=&#8221;0 0 100px 0&#8243;][vc_single_image image=&#8221;2888&#8243; img_size=&#8221;550&#215;550&#8243; css=&#8221;.vc_custom_1644792210080{padding-right: 0px !important;}&#8221;][\/vc_column_inner][vc_column_inner offset=&#8221;vc_col-lg-6 vc_col-md-12 vc_col-xs-12&#8243; css=&#8221;.vc_custom_1576576840788{margin-top: -10px !important;}&#8221;][vc_empty_space height=&#8221;20px&#8221;]<div role=\"form\" class=\"wpcf7\" id=\"wpcf7-f128-o1\" lang=\"en-US\" dir=\"ltr\">\n<div class=\"screen-reader-response\"><p role=\"status\" aria-live=\"polite\" aria-atomic=\"true\"><\/p> <ul><\/ul><\/div>\n<form action=\"\/index.php?rest_route=%2Fwp%2Fv2%2Fpages%2F2519#wpcf7-f128-o1\" method=\"post\" class=\"wpcf7-form init\" novalidate=\"novalidate\" data-status=\"init\">\n<div style=\"display: none;\">\n<input type=\"hidden\" name=\"_wpcf7\" value=\"128\" \/>\n<input type=\"hidden\" name=\"_wpcf7_version\" value=\"5.5.6\" \/>\n<input type=\"hidden\" name=\"_wpcf7_locale\" value=\"en_US\" \/>\n<input type=\"hidden\" name=\"_wpcf7_unit_tag\" value=\"wpcf7-f128-o1\" \/>\n<input type=\"hidden\" name=\"_wpcf7_container_post\" value=\"0\" \/>\n<input type=\"hidden\" name=\"_wpcf7_posted_data_hash\" value=\"\" \/>\n<\/div>\n<div class=\"qodef-contat-form-form-3 qodef-cf7-custom-fields-bg qodef-cf7-custom-no-margin\">\n<div class=\"qodef-grid qodef-layout--columns qodef-col-num--2 qodef-gutter--tiny\">\n<div class=\"qodef-grid-inner\">\n<div class=\"qodef-grid-item\">\n<div class=\"qodef-col-num--6\">\n\t\t\t\t\t<span class=\"wpcf7-form-control-wrap your-name\"><input type=\"text\" name=\"your-name\" value=\"\" size=\"40\" class=\"wpcf7-form-control wpcf7-text wpcf7-validates-as-required\" aria-required=\"true\" aria-invalid=\"false\" placeholder=\"Imi\u0119\" \/><\/span>\n\t\t\t\t<\/div>\n<\/div>\n<div class=\"qodef-grid-item\">\n<div class=\"qodef-col-num--6\">\n                                        <span class=\"wpcf7-form-control-wrap your-email\"><input type=\"email\" name=\"your-email\" value=\"\" size=\"40\" class=\"wpcf7-form-control wpcf7-text wpcf7-email wpcf7-validates-as-required wpcf7-validates-as-email\" aria-required=\"true\" aria-invalid=\"false\" placeholder=\"E-mail*\" \/><\/span>\n\t\t\t\t<\/div>\n<\/div>\n<div class=\"qodef-grid-item\">\n<div class=\"qodef-col-num--6\">\n\t\t\t\t\t<span class=\"wpcf7-form-control-wrap tel-414\"><input type=\"tel\" name=\"tel-414\" value=\"\" size=\"40\" class=\"wpcf7-form-control wpcf7-text wpcf7-tel wpcf7-validates-as-tel\" aria-invalid=\"false\" placeholder=\"Telefon\" \/><\/span>\n\t\t\t\t<\/div>\n<\/div>\n<div class=\"qodef-grid-item\">\n<div class=\"qodef-col-num--6 qodef-select-change\">\n\t\t\t\t\t<span class=\"wpcf7-form-control-wrap menu-162\"><select name=\"menu-162\" class=\"wpcf7-form-control wpcf7-select\" aria-invalid=\"false\"><option value=\"Porada\">Porada<\/option><option value=\"Uzale\u017cnienia\">Uzale\u017cnienia<\/option><option value=\"Nerwice\">Nerwice<\/option><option value=\"Depresja\">Depresja<\/option><option value=\"Trauma\">Trauma<\/option><option value=\"L\u0119ki\">L\u0119ki<\/option><option value=\"Inne\">Inne<\/option><\/select><\/span>\n\t\t\t\t<\/div>\n<\/div>\n<\/div>\n<\/div>\n<p>\t<span class=\"wpcf7-form-control-wrap your-message\"><textarea name=\"your-message\" cols=\"40\" rows=\"6\" class=\"wpcf7-form-control wpcf7-textarea\" aria-invalid=\"false\" placeholder=\"Wiadomo\u015b\u0107\"><\/textarea><\/span><\/p>\n<p>\t<button type=\"submit\" class=\"wpcf7-form-control wpcf7-submit qodef-button qodef-size--normal qodef-type--filled qodef-m\"><span class=\"qodef-m-text\">Wy\u015blij<\/span><\/button>\n<\/p><\/div>\n<div class=\"wpcf7-response-output\" aria-hidden=\"true\"><\/div><\/form><\/div>[\/vc_column_inner][\/vc_row_inner][\/vc_column][\/vc_row][vc_row content_text_alignment=&#8221;center&#8221; css=&#8221;.vc_custom_1574776034792{background-image: url(https:\/\/mindcare.qodeinteractive.com\/wp-content\/uploads\/2019\/11\/h1-img-13.jpg?id=137) !important;background-position: center !important;background-repeat: no-repeat !important;background-size: cover !important;}&#8221;][vc_column css=&#8221;.vc_custom_1644785476790{padding-top: 50px !important;padding-bottom: 100px !important;}&#8221;][vc_row_inner row_content_width=&#8221;grid&#8221; content_text_alignment=&#8221;center&#8221; css=&#8221;.vc_custom_1574776982683{padding-top: 26px !important;padding-bottom: 60px !important;}&#8221;][vc_column_inner css=&#8221;.vc_custom_1575891462927{padding-right: 19.5% !important;padding-left: 19.5% !important;}&#8221; column_responsive_padding_1366=&#8221;0px 11%&#8221; column_responsive_padding_1024=&#8221;0px 15px 0 15px&#8221; column_responsive_padding_768=&#8221;0px 15px 0 15px&#8221; column_responsive_padding_1440=&#8221;0px 11%&#8221;][vc_empty_space height=&#8221;30px&#8221;][\/vc_column_inner][\/vc_row_inner][\/vc_column][\/vc_row][vc_row][vc_column][\/vc_column][\/vc_row]<\/p>\n","protected":false},"excerpt":{"rendered":"&hellip; <a href=\"https:\/\/kamilhawliczek.pl\/?testimonials=t-2\" class=\"read-more\">Czytaj wi\u0119cej <\/a>","protected":false},"author":1,"featured_media":0,"parent":0,"menu_order":0,"comment_status":"closed","ping_status":"closed","template":"page-full-width.php","meta":{"om_disable_all_campaigns":false,"_monsterinsights_skip_tracking":false,"_monsterinsights_sitenote_active":false,"_monsterinsights_sitenote_note":"","_monsterinsights_sitenote_category":0},"yoast_head":"<!-- This site is optimized with the Yoast SEO Premium plugin v17.8 (Yoast SEO v18.5.1) - https:\/\/yoast.com\/wordpress\/plugins\/seo\/ -->\n<title>Main home - kamilhawliczek.pl<\/title>\n<meta name=\"description\" content=\"Kamil Hawliczek. Psychoterapeuta z ponad 20 letnim do\u015bwiadczeniem. Lata do\u015bwiadczenia w pracy z trudno\u015bciami \u017cyciowymi\" \/>\n<meta name=\"robots\" content=\"index, follow, max-snippet:-1, max-image-preview:large, max-video-preview:-1\" \/>\n<link rel=\"canonical\" href=\"https:\/\/kamilhawliczek.pl\/\" \/>\n<meta property=\"og:locale\" content=\"pl_PL\" \/>\n<meta property=\"og:type\" content=\"article\" \/>\n<meta property=\"og:title\" content=\"Main home\" \/>\n<meta property=\"og:description\" content=\"Kamil Hawliczek. Psychoterapeuta z ponad 20 letnim do\u015bwiadczeniem. Lata do\u015bwiadczenia w pracy z trudno\u015bciami \u017cyciowymi\" \/>\n<meta property=\"og:url\" content=\"https:\/\/kamilhawliczek.pl\/\" \/>\n<meta property=\"og:site_name\" content=\"kamilhawliczek.pl\" \/>\n<meta property=\"article:modified_time\" content=\"2024-01-20T00:02:19+00:00\" \/>\n<meta name=\"twitter:card\" content=\"summary_large_image\" \/>\n<meta name=\"twitter:label1\" content=\"Szacowany czas czytania\" \/>\n\t<meta name=\"twitter:data1\" content=\"3 minuty\" \/>\n<script type=\"application\/ld+json\" class=\"yoast-schema-graph\">{\"@context\":\"https:\/\/schema.org\",\"@graph\":[{\"@type\":\"WebSite\",\"@id\":\"https:\/\/kamilhawliczek.pl\/#website\",\"url\":\"https:\/\/kamilhawliczek.pl\/\",\"name\":\"kamilhawliczek.pl\",\"description\":\"Psycholog, psychoterapeuta Kamil Hawliczek\",\"potentialAction\":[{\"@type\":\"SearchAction\",\"target\":{\"@type\":\"EntryPoint\",\"urlTemplate\":\"https:\/\/kamilhawliczek.pl\/?s={search_term_string}\"},\"query-input\":\"required name=search_term_string\"}],\"inLanguage\":\"pl-PL\"},{\"@type\":\"WebPage\",\"@id\":\"https:\/\/kamilhawliczek.pl\/#webpage\",\"url\":\"https:\/\/kamilhawliczek.pl\/\",\"name\":\"Main home - kamilhawliczek.pl\",\"isPartOf\":{\"@id\":\"https:\/\/kamilhawliczek.pl\/#website\"},\"datePublished\":\"2019-11-01T10:01:01+00:00\",\"dateModified\":\"2024-01-20T00:02:19+00:00\",\"description\":\"Kamil Hawliczek. Psychoterapeuta z ponad 20 letnim do\u015bwiadczeniem. Lata do\u015bwiadczenia w pracy z trudno\u015bciami \u017cyciowymi\",\"breadcrumb\":{\"@id\":\"https:\/\/kamilhawliczek.pl\/#breadcrumb\"},\"inLanguage\":\"pl-PL\",\"potentialAction\":[{\"@type\":\"ReadAction\",\"target\":[\"https:\/\/kamilhawliczek.pl\/\"]}]},{\"@type\":\"BreadcrumbList\",\"@id\":\"https:\/\/kamilhawliczek.pl\/#breadcrumb\",\"itemListElement\":[{\"@type\":\"ListItem\",\"position\":1,\"name\":\"Home\",\"item\":\"https:\/\/kamilhawliczek.pl\/\"},{\"@type\":\"ListItem\",\"position\":2,\"name\":\"Main home\"}]}]}<\/script>\n<!-- \/ Yoast SEO Premium plugin. -->","yoast_head_json":{"title":"Main home - kamilhawliczek.pl","description":"Kamil Hawliczek. Psychoterapeuta z ponad 20 letnim do\u015bwiadczeniem. Lata do\u015bwiadczenia w pracy z trudno\u015bciami \u017cyciowymi","robots":{"index":"index","follow":"follow","max-snippet":"max-snippet:-1","max-image-preview":"max-image-preview:large","max-video-preview":"max-video-preview:-1"},"canonical":"https:\/\/kamilhawliczek.pl\/","og_locale":"pl_PL","og_type":"article","og_title":"Main home","og_description":"Kamil Hawliczek. Psychoterapeuta z ponad 20 letnim do\u015bwiadczeniem. Lata do\u015bwiadczenia w pracy z trudno\u015bciami \u017cyciowymi","og_url":"https:\/\/kamilhawliczek.pl\/","og_site_name":"kamilhawliczek.pl","article_modified_time":"2024-01-20T00:02:19+00:00","twitter_card":"summary_large_image","twitter_misc":{"Szacowany czas czytania":"3 minuty"},"schema":{"@context":"https:\/\/schema.org","@graph":[{"@type":"WebSite","@id":"https:\/\/kamilhawliczek.pl\/#website","url":"https:\/\/kamilhawliczek.pl\/","name":"kamilhawliczek.pl","description":"Psycholog, psychoterapeuta Kamil Hawliczek","potentialAction":[{"@type":"SearchAction","target":{"@type":"EntryPoint","urlTemplate":"https:\/\/kamilhawliczek.pl\/?s={search_term_string}"},"query-input":"required name=search_term_string"}],"inLanguage":"pl-PL"},{"@type":"WebPage","@id":"https:\/\/kamilhawliczek.pl\/#webpage","url":"https:\/\/kamilhawliczek.pl\/","name":"Main home - kamilhawliczek.pl","isPartOf":{"@id":"https:\/\/kamilhawliczek.pl\/#website"},"datePublished":"2019-11-01T10:01:01+00:00","dateModified":"2024-01-20T00:02:19+00:00","description":"Kamil Hawliczek. Psychoterapeuta z ponad 20 letnim do\u015bwiadczeniem. Lata do\u015bwiadczenia w pracy z trudno\u015bciami \u017cyciowymi","breadcrumb":{"@id":"https:\/\/kamilhawliczek.pl\/#breadcrumb"},"inLanguage":"pl-PL","potentialAction":[{"@type":"ReadAction","target":["https:\/\/kamilhawliczek.pl\/"]}]},{"@type":"BreadcrumbList","@id":"https:\/\/kamilhawliczek.pl\/#breadcrumb","itemListElement":[{"@type":"ListItem","position":1,"name":"Home","item":"https:\/\/kamilhawliczek.pl\/"},{"@type":"ListItem","position":2,"name":"Main home"}]}]}},"_links":{"self":[{"href":"https:\/\/kamilhawliczek.pl\/index.php?rest_route=\/wp\/v2\/pages\/2519"}],"collection":[{"href":"https:\/\/kamilhawliczek.pl\/index.php?rest_route=\/wp\/v2\/pages"}],"about":[{"href":"https:\/\/kamilhawliczek.pl\/index.php?rest_route=\/wp\/v2\/types\/page"}],"author":[{"embeddable":true,"href":"https:\/\/kamilhawliczek.pl\/index.php?rest_route=\/wp\/v2\/users\/1"}],"replies":[{"embeddable":true,"href":"https:\/\/kamilhawliczek.pl\/index.php?rest_route=%2Fwp%2Fv2%2Fcomments&post=2519"}],"version-history":[{"count":128,"href":"https:\/\/kamilhawliczek.pl\/index.php?rest_route=\/wp\/v2\/pages\/2519\/revisions"}],"predecessor-version":[{"id":3150,"href":"https:\/\/kamilhawliczek.pl\/index.php?rest_route=\/wp\/v2\/pages\/2519\/revisions\/3150"}],"wp:attachment":[{"href":"https:\/\/kamilhawliczek.pl\/index.php?rest_route=%2Fwp%2Fv2%2Fmedia&parent=2519"}],"curies":[{"name":"wp","href":"https:\/\/api.w.org\/{rel}","templated":true}]}}