{"id":2697,"date":"2022-01-10T22:59:11","date_gmt":"2022-01-10T22:59:11","guid":{"rendered":"http:\/\/kamilhawliczek.pl\/?page_id=2697"},"modified":"2025-08-31T12:23:02","modified_gmt":"2025-08-31T11:23:02","slug":"kontakt","status":"publish","type":"page","link":"https:\/\/kamilhawliczek.pl\/?page_id=2697","title":{"rendered":"Kontakt"},"content":{"rendered":"<p>[vc_row][vc_column width=&#8221;1\/3&#8243;][vc_icon icon_fontawesome=&#8221;fas fa-map-marker-alt&#8221; size=&#8221;xl&#8221; align=&#8221;center&#8221;][vc_column_text]<\/p>\n<h1 style=\"text-align: center;\">Adres<\/h1>\n<p style=\"text-align: center;\">ul. Lwowska 17, 38-400 Krosno<\/p>\n<p>[\/vc_column_text][\/vc_column][vc_column width=&#8221;1\/3&#8243;][vc_icon icon_fontawesome=&#8221;fas fa-phone-volume&#8221; size=&#8221;xl&#8221; align=&#8221;center&#8221;][vc_column_text]<\/p>\n<h1 style=\"text-align: center;\">Kontakt<\/h1>\n<p style=\"text-align: center;\">+48 512 385 710 [\/vc_column_text][\/vc_column][vc_column width=&#8221;1\/3&#8243;][vc_icon icon_fontawesome=&#8221;far fa-clock&#8221; size=&#8221;xl&#8221; align=&#8221;center&#8221;][vc_column_text]<\/p>\n<h1 style=\"text-align: center;\">Godziny otwarcia<\/h1>\n<div class=\"qodef-working-hours-item qodef-e\">\n<p class=\"qodef-e-day\" style=\"text-align: center;\">Przyjmuj\u0119 w poniedzia\u0142ki, \u015brody i czwartki.<br \/>\nWymagana uprzednia rejestracja telefoniczna.<\/p>\n<\/div>\n<div class=\"qodef-working-hours-item qodef-e\"><\/div>\n<div class=\"qodef-working-hours-item qodef-e\">\n<p class=\"qodef-e-time\">\n<\/div>\n<p>[\/vc_column_text][\/vc_column][\/vc_row][vc_row][vc_column][vc_gmaps link=&#8221;#E-8_JTNDaWZyYW1lJTIwc3JjJTNEJTIyaHR0cHMlM0ElMkYlMkZ3d3cuZ29vZ2xlLmNvbSUyRm1hcHMlMkZlbWJlZCUzRnBiJTNEJTIxMW0xNCUyMTFtOCUyMTFtMyUyMTFkMTAzMjQuNDA0MTI5NDI1Njg4JTIxMmQyMS43NTQ0NDUyJTIxM2Q0OS42OTAwNzAyJTIxM20yJTIxMWkxMDI0JTIxMmk3NjglMjE0ZjEzLjElMjEzbTMlMjExbTIlMjExczB4MCUyNTNBMHg4ZDI5NjdiMTQ5MmNjM2VhJTIxMnNQc3ljaG90ZXJhcGlhLiUyNTIwS2FtaWwlMjUyMEhhd2xpY3playUyMTVlMCUyMTNtMiUyMTFzcGwlMjEyc3BsJTIxNHYxNjQ1MDI0NjU2MTQ3JTIxNW0yJTIxMXNwbCUyMTJzcGwlMjIlMjB3aWR0aCUzRCUyMjYwMCUyMiUyMGhlaWdodCUzRCUyMjQ1MCUyMiUyMHN0eWxlJTNEJTIyYm9yZGVyJTNBMCUzQiUyMiUyMGFsbG93ZnVsbHNjcmVlbiUzRCUyMiUyMiUyMGxvYWRpbmclM0QlMjJsYXp5JTIyJTNFJTNDJTJGaWZyYW1lJTNF&#8221; size=&#8221;full&#8221;][\/vc_column][\/vc_row][vc_row][vc_column]<div role=\"form\" class=\"wpcf7\" id=\"wpcf7-f2521-o1\" lang=\"en-US\" dir=\"ltr\">\n<div class=\"screen-reader-response\"><p role=\"status\" aria-live=\"polite\" aria-atomic=\"true\"><\/p> <ul><\/ul><\/div>\n<form action=\"\/index.php?rest_route=%2Fwp%2Fv2%2Fpages%2F2697#wpcf7-f2521-o1\" method=\"post\" class=\"wpcf7-form init\" novalidate=\"novalidate\" data-status=\"init\">\n<div style=\"display: none;\">\n<input type=\"hidden\" name=\"_wpcf7\" value=\"2521\" \/>\n<input type=\"hidden\" name=\"_wpcf7_version\" value=\"5.5.6\" \/>\n<input type=\"hidden\" name=\"_wpcf7_locale\" value=\"en_US\" \/>\n<input type=\"hidden\" name=\"_wpcf7_unit_tag\" value=\"wpcf7-f2521-o1\" \/>\n<input type=\"hidden\" name=\"_wpcf7_container_post\" value=\"0\" \/>\n<input type=\"hidden\" name=\"_wpcf7_posted_data_hash\" value=\"\" \/>\n<\/div>\n<p><label> Your Name (required)<br \/>\n    <span class=\"wpcf7-form-control-wrap your-name\"><input type=\"text\" name=\"your-name\" value=\"\" size=\"40\" class=\"wpcf7-form-control wpcf7-text wpcf7-validates-as-required\" aria-required=\"true\" aria-invalid=\"false\" \/><\/span> <\/label><\/p>\n<p><label> Your Email (required)<br \/>\n    <span class=\"wpcf7-form-control-wrap your-email\"><input type=\"email\" name=\"your-email\" value=\"\" size=\"40\" class=\"wpcf7-form-control wpcf7-text wpcf7-email wpcf7-validates-as-required wpcf7-validates-as-email\" aria-required=\"true\" aria-invalid=\"false\" \/><\/span> <\/label><\/p>\n<p><label> Subject<br \/>\n    <span class=\"wpcf7-form-control-wrap your-subject\"><input type=\"text\" name=\"your-subject\" value=\"\" size=\"40\" class=\"wpcf7-form-control wpcf7-text\" aria-invalid=\"false\" \/><\/span> <\/label><\/p>\n<p><label> Your Message<br \/>\n    <span class=\"wpcf7-form-control-wrap your-message\"><textarea name=\"your-message\" cols=\"40\" rows=\"10\" class=\"wpcf7-form-control wpcf7-textarea\" aria-invalid=\"false\"><\/textarea><\/span> <\/label><\/p>\n<p><button type=\"submit\" class=\"wpcf7-form-control wpcf7-submit qodef-button qodef-size--normal qodef-type--filled qodef-m\"><span class=\"qodef-m-text\">Send<\/span><\/button><\/p>\n<div class=\"wpcf7-response-output\" aria-hidden=\"true\"><\/div><\/form><\/div>[\/vc_column][\/vc_row]<\/p>\n","protected":false},"excerpt":{"rendered":"<p>[vc_row][vc_column width=&#8221;1\/3&#8243;][vc_icon icon_fontawesome=&#8221;fas fa-map-marker-alt&#8221; size=&#8221;xl&#8221; align=&#8221;center&#8221;][vc_column_text] Adres ul. Lwowska 17, 38-400 Krosno [\/vc_column_text][\/vc_column][vc_column width=&#8221;1\/3&#8243;][vc_icon icon_fontawesome=&#8221;fas fa-phone-volume&#8221; size=&#8221;xl&#8221; align=&#8221;center&#8221;][vc_column_text] Kontakt +48 512 385 710 [\/vc_column_text][\/vc_column][vc_column width=&#8221;1\/3&#8243;][vc_icon icon_fontawesome=&#8221;far fa-clock&#8221; size=&#8221;xl&#8221; align=&#8221;center&#8221;][vc_column_text] Godziny otwarcia Przyjmuj\u0119 w poniedzia\u0142ki, \u015brody i czwartki. Wymagana uprzednia rejestracja telefoniczna. [\/vc_column_text][\/vc_column][\/vc_row][vc_row][vc_column][vc_gmaps link=&#8221;#E-8_JTNDaWZyYW1lJTIwc3JjJTNEJTIyaHR0cHMlM0ElMkYlMkZ3d3cuZ29vZ2xlLmNvbSUyRm1hcHMlMkZlbWJlZCUzRnBiJTNEJTIxMW0xNCUyMTFtOCUyMTFtMyUyMTFkMTAzMjQuNDA0MTI5NDI1Njg4JTIxMmQyMS43NTQ0NDUyJTIxM2Q0OS42OTAwNzAyJTIxM20yJTIxMWkxMDI0JTIxMmk3NjglMjE0ZjEzLjElMjEzbTMlMjExbTIlMjExczB4MCUyNTNBMHg4ZDI5NjdiMTQ5MmNjM2VhJTIxMnNQc3ljaG90ZXJhcGlhLiUyNTIwS2FtaWwlMjUyMEhhd2xpY3playUyMTVlMCUyMTNtMiUyMTFzcGwlMjEyc3BsJTIxNHYxNjQ1MDI0NjU2MTQ3JTIxNW0yJTIxMXNwbCUyMTJzcGwlMjIlMjB3aWR0aCUzRCUyMjYwMCUyMiUyMGhlaWdodCUzRCUyMjQ1MCUyMiUyMHN0eWxlJTNEJTIyYm9yZGVyJTNBMCUzQiUyMiUyMGFsbG93ZnVsbHNjcmVlbiUzRCUyMiUyMiUyMGxvYWRpbmclM0QlMjJsYXp5JTIyJTNFJTNDJTJGaWZyYW1lJTNF&#8221; size=&#8221;full&#8221;][\/vc_column][\/vc_row][vc_row][vc_column][\/vc_column][\/vc_row]<\/p>\n","protected":false},"author":1,"featured_media":0,"parent":0,"menu_order":0,"comment_status":"closed","ping_status":"closed","template":"","meta":{"om_disable_all_campaigns":false,"_monsterinsights_skip_tracking":false,"_monsterinsights_sitenote_active":false,"_monsterinsights_sitenote_note":"","_monsterinsights_sitenote_category":0},"yoast_head":"<!-- This site is optimized with the Yoast SEO Premium plugin v17.8 (Yoast SEO v18.5.1) - https:\/\/yoast.com\/wordpress\/plugins\/seo\/ -->\n<title>Kontakt - kamilhawliczek.pl<\/title>\n<meta name=\"description\" content=\"Dane kontaktowe. Adres, telefon, e-mail, godziny oraz dni otwarcia Centrum Leczenia Nerwic w Kro\u015bnie. Zapraszam\" \/>\n<meta name=\"robots\" content=\"index, follow, max-snippet:-1, max-image-preview:large, max-video-preview:-1\" \/>\n<link rel=\"canonical\" href=\"https:\/\/kamilhawliczek.pl\/?page_id=2697\" \/>\n<meta property=\"og:locale\" content=\"pl_PL\" \/>\n<meta property=\"og:type\" content=\"article\" \/>\n<meta property=\"og:title\" content=\"Kontakt\" \/>\n<meta property=\"og:description\" content=\"Dane kontaktowe. Adres, telefon, e-mail, godziny oraz dni otwarcia Centrum Leczenia Nerwic w Kro\u015bnie. Zapraszam\" \/>\n<meta property=\"og:url\" content=\"https:\/\/kamilhawliczek.pl\/?page_id=2697\" \/>\n<meta property=\"og:site_name\" content=\"kamilhawliczek.pl\" \/>\n<meta property=\"article:modified_time\" content=\"2025-08-31T11:23:02+00:00\" \/>\n<meta name=\"twitter:card\" content=\"summary_large_image\" \/>\n<meta name=\"twitter:label1\" content=\"Szacowany czas czytania\" \/>\n\t<meta name=\"twitter:data1\" content=\"1 minuta\" \/>\n<script type=\"application\/ld+json\" class=\"yoast-schema-graph\">{\"@context\":\"https:\/\/schema.org\",\"@graph\":[{\"@type\":\"WebSite\",\"@id\":\"https:\/\/kamilhawliczek.pl\/#website\",\"url\":\"https:\/\/kamilhawliczek.pl\/\",\"name\":\"kamilhawliczek.pl\",\"description\":\"Psycholog, psychoterapeuta Kamil Hawliczek\",\"potentialAction\":[{\"@type\":\"SearchAction\",\"target\":{\"@type\":\"EntryPoint\",\"urlTemplate\":\"https:\/\/kamilhawliczek.pl\/?s={search_term_string}\"},\"query-input\":\"required name=search_term_string\"}],\"inLanguage\":\"pl-PL\"},{\"@type\":\"WebPage\",\"@id\":\"https:\/\/kamilhawliczek.pl\/?page_id=2697#webpage\",\"url\":\"https:\/\/kamilhawliczek.pl\/?page_id=2697\",\"name\":\"Kontakt - kamilhawliczek.pl\",\"isPartOf\":{\"@id\":\"https:\/\/kamilhawliczek.pl\/#website\"},\"datePublished\":\"2022-01-10T22:59:11+00:00\",\"dateModified\":\"2025-08-31T11:23:02+00:00\",\"description\":\"Dane kontaktowe. Adres, telefon, e-mail, godziny oraz dni otwarcia Centrum Leczenia Nerwic w Kro\u015bnie. Zapraszam\",\"breadcrumb\":{\"@id\":\"https:\/\/kamilhawliczek.pl\/?page_id=2697#breadcrumb\"},\"inLanguage\":\"pl-PL\",\"potentialAction\":[{\"@type\":\"ReadAction\",\"target\":[\"https:\/\/kamilhawliczek.pl\/?page_id=2697\"]}]},{\"@type\":\"BreadcrumbList\",\"@id\":\"https:\/\/kamilhawliczek.pl\/?page_id=2697#breadcrumb\",\"itemListElement\":[{\"@type\":\"ListItem\",\"position\":1,\"name\":\"Home\",\"item\":\"https:\/\/kamilhawliczek.pl\/\"},{\"@type\":\"ListItem\",\"position\":2,\"name\":\"Kontakt\"}]}]}<\/script>\n<!-- \/ Yoast SEO Premium plugin. -->","yoast_head_json":{"title":"Kontakt - kamilhawliczek.pl","description":"Dane kontaktowe. Adres, telefon, e-mail, godziny oraz dni otwarcia Centrum Leczenia Nerwic w Kro\u015bnie. Zapraszam","robots":{"index":"index","follow":"follow","max-snippet":"max-snippet:-1","max-image-preview":"max-image-preview:large","max-video-preview":"max-video-preview:-1"},"canonical":"https:\/\/kamilhawliczek.pl\/?page_id=2697","og_locale":"pl_PL","og_type":"article","og_title":"Kontakt","og_description":"Dane kontaktowe. Adres, telefon, e-mail, godziny oraz dni otwarcia Centrum Leczenia Nerwic w Kro\u015bnie. Zapraszam","og_url":"https:\/\/kamilhawliczek.pl\/?page_id=2697","og_site_name":"kamilhawliczek.pl","article_modified_time":"2025-08-31T11:23:02+00:00","twitter_card":"summary_large_image","twitter_misc":{"Szacowany czas czytania":"1 minuta"},"schema":{"@context":"https:\/\/schema.org","@graph":[{"@type":"WebSite","@id":"https:\/\/kamilhawliczek.pl\/#website","url":"https:\/\/kamilhawliczek.pl\/","name":"kamilhawliczek.pl","description":"Psycholog, psychoterapeuta Kamil Hawliczek","potentialAction":[{"@type":"SearchAction","target":{"@type":"EntryPoint","urlTemplate":"https:\/\/kamilhawliczek.pl\/?s={search_term_string}"},"query-input":"required name=search_term_string"}],"inLanguage":"pl-PL"},{"@type":"WebPage","@id":"https:\/\/kamilhawliczek.pl\/?page_id=2697#webpage","url":"https:\/\/kamilhawliczek.pl\/?page_id=2697","name":"Kontakt - kamilhawliczek.pl","isPartOf":{"@id":"https:\/\/kamilhawliczek.pl\/#website"},"datePublished":"2022-01-10T22:59:11+00:00","dateModified":"2025-08-31T11:23:02+00:00","description":"Dane kontaktowe. Adres, telefon, e-mail, godziny oraz dni otwarcia Centrum Leczenia Nerwic w Kro\u015bnie. Zapraszam","breadcrumb":{"@id":"https:\/\/kamilhawliczek.pl\/?page_id=2697#breadcrumb"},"inLanguage":"pl-PL","potentialAction":[{"@type":"ReadAction","target":["https:\/\/kamilhawliczek.pl\/?page_id=2697"]}]},{"@type":"BreadcrumbList","@id":"https:\/\/kamilhawliczek.pl\/?page_id=2697#breadcrumb","itemListElement":[{"@type":"ListItem","position":1,"name":"Home","item":"https:\/\/kamilhawliczek.pl\/"},{"@type":"ListItem","position":2,"name":"Kontakt"}]}]}},"_links":{"self":[{"href":"https:\/\/kamilhawliczek.pl\/index.php?rest_route=\/wp\/v2\/pages\/2697"}],"collection":[{"href":"https:\/\/kamilhawliczek.pl\/index.php?rest_route=\/wp\/v2\/pages"}],"about":[{"href":"https:\/\/kamilhawliczek.pl\/index.php?rest_route=\/wp\/v2\/types\/page"}],"author":[{"embeddable":true,"href":"https:\/\/kamilhawliczek.pl\/index.php?rest_route=\/wp\/v2\/users\/1"}],"replies":[{"embeddable":true,"href":"https:\/\/kamilhawliczek.pl\/index.php?rest_route=%2Fwp%2Fv2%2Fcomments&post=2697"}],"version-history":[{"count":12,"href":"https:\/\/kamilhawliczek.pl\/index.php?rest_route=\/wp\/v2\/pages\/2697\/revisions"}],"predecessor-version":[{"id":3152,"href":"https:\/\/kamilhawliczek.pl\/index.php?rest_route=\/wp\/v2\/pages\/2697\/revisions\/3152"}],"wp:attachment":[{"href":"https:\/\/kamilhawliczek.pl\/index.php?rest_route=%2Fwp%2Fv2%2Fmedia&parent=2697"}],"curies":[{"name":"wp","href":"https:\/\/api.w.org\/{rel}","templated":true}]}}