{"id":2891,"date":"2022-02-14T11:40:16","date_gmt":"2022-02-14T10:40:16","guid":{"rendered":"https:\/\/kamilhawliczek.pl\/?page_id=2891"},"modified":"2022-02-14T20:05:34","modified_gmt":"2022-02-14T19:05:34","slug":"psychoterapia-psychodynamiczna","status":"publish","type":"page","link":"https:\/\/kamilhawliczek.pl\/?page_id=2891","title":{"rendered":"Psychoterapia psychodynamiczna"},"content":{"rendered":"<p>[vc_row][vc_column][vc_column_text]<strong>Terapia psychodynamiczna<\/strong> \u2013 na czym polega?<br \/>\nPodej\u015bcie psychodynamiczne jest stanowiskiem teoretyczno-terapeutycznym, w kt\u00f3rym istot\u0105 wsp\u00f3\u0142pracy mi\u0119dzy pacjentem i terapeut\u0105 jest dynamika prze\u017cy\u0107 psychicznych zachodz\u0105cych u obydwu tych os\u00f3b oraz w obr\u0119bie stworzonej przez nich relacji. Baz\u0105 teoretyczn\u0105 psychoterapii psychodynamicznej jest psychoanaliza i odkrycia jej autora Z. Freuda, ale zarazem p\u00f3\u017aniejsze osi\u0105gni\u0119cia i za\u0142o\u017cenia przedstawicieli teorii relacji z obiektem (m.in. M. Klein), psychologii ego czy psychologii self H. Kohuta. Warto podkre\u015bli\u0107, \u017ce my\u015blenie psychodynamiczne jest z za\u0142o\u017cenia otwarte na wszelkiego rodzaju nowo\u015bci z zakresu psychiatrii oraz psychoterapii, p\u0142ynnie integruj\u0105c najwa\u017cniejsze z nich w swoich ramach.<\/p>\n<p>&nbsp;<\/p>\n<p><strong>Terapia psychodynamiczna<\/strong> \u2013 jak przebiega?<br \/>\nPsychoterapia psychodynamiczna toczy si\u0119 w oparciu o relacj\u0119 terapeutyczn\u0105, czyli siln\u0105, zaakceptowan\u0105 obustronnie wi\u0119\u017a mi\u0119dzy pacjentem, a terapeut\u0105. We wsp\u00f3\u0142czesnej formie sesja terapeutyczna w nurcie psychodynamicznym odbywa si\u0119 \u201etwarz\u0105 w twarz\u201d (uczestnicy siedz\u0105 naprzeciwko siebie). Pacjent jest zach\u0119cany do swobodnego dzielenia si\u0119 swoimi my\u015blami, fantazjami i skojarzeniami, uzyskuj\u0105c szczeg\u00f3lne przyzwolenie na wprowadzanie tre\u015bci wstydliwych, skrywanych w codziennym \u017cyciu. Terapeuta dostosowuje swoj\u0105 aktywno\u015b\u0107 do aktualnych potrzeb i mo\u017cliwo\u015bci pacjenta, \u201epod\u0105\u017caj\u0105c\u201d za wspomnian\u0105 ju\u017c wcze\u015bniej dynamik\u0105 jego prze\u017cy\u0107 psychicznych, poszukuje wsp\u00f3lnie z pacjentem nowego rozumienia, nie doradza. W warunkach daj\u0105cych poczucie bezpiecze\u0144stwa i psychicznego komfortu towarzyszy pacjentowi w przepracowaniu trudnych w\u0105tk\u00f3w z jego \u017cycia, rozwi\u0105zaniu nie\u015bwiadomych konflikt\u00f3w, zredukowaniu przymusu powtarzania dysfunkcyjnych strategii dzia\u0142ania. Korzystaj\u0105c z mechanizmu przeniesienia (wyrasta ono z przekonania, \u017ce w trakcie procesu terapeutycznego pacjent zaczyna \u201eprzenosi\u0107\u201d na terapeut\u0119 swoje uczucia, kt\u00f3re w przesz\u0142o\u015bci \u017cywi\u0142 wzgl\u0119dem wa\u017cnej dla niego osoby, b\u0119d\u0105cej w centrum emocjonalnego konfliktu; identyfikacja ta najcz\u0119\u015bciej dotyczy jednego b\u0105d\u017a obydwu rodzic\u00f3w) terapeuta umo\u017cliwia pacjentowi prze\u017cycie korekcyjnego do\u015bwiadczenia emocjonalnego, kt\u00f3re warunkuje trwa\u0142e zmiany w jego osobowo\u015bci, staj\u0105c si\u0119 baz\u0105 do wprowadzania korzystnych zmian w funkcjonowaniu.<\/p>\n<p>&nbsp;<\/p>\n<p><strong>Terapia psychodynamiczna<\/strong> \u2013 czas trwania?<br \/>\nZ punktu widzenia formalnego terapia psychodynamiczna to zazwyczaj cykl regularnych spotka\u0144, odbywaj\u0105cych si\u0119 z cz\u0119sto\u015bci\u0105 1-2 razy w tygodniu, w sta\u0142ym, um\u00f3wionym terminie, zawsze z tym samym specjalist\u0105. Czas trwania procesu terapeutycznego jest zindywidualizowany i zwi\u0105zany m.in. z rodzajem i nasileniem problem\u00f3w, z kt\u00f3rymi zg\u0142osi\u0142 si\u0119 pacjent, jego motywacj\u0105 do leczenia, mo\u017cliwo\u015bciami intelektualno-emocjonalnymi. W wi\u0119kszo\u015bci przypadk\u00f3w jest to okres od 6 do kilkunastu miesi\u0119cy, a czasami nawet do kilku lat. W zakres realizowanych obecnie form terapii psychodynamicznej wchodz\u0105 zar\u00f3wno terapia ekspresywno-wgl\u0105dowa (wykorzystuj\u0105ca bardziej aktywne metody oddzia\u0142ywa\u0144 wobec pacjenta, takie jak: klaryfikacja, konfrontacja, interpretacja) jak i, na drugim biegunie \u2013 terapia wspieraj\u0105ca (obejmuj\u0105ca: poradnictwo, wyra\u017canie s\u0105d\u00f3w o rzeczywisto\u015bci, psychoedukacj\u0119 pacjenta). Wyb\u00f3r odpowiedniej formy leczenia proponuje terapeuta, w oparciu o potrzeby i mo\u017cliwo\u015bci pacjenta. Zajmowanie si\u0119 t\u0105 form\u0105 terapii wymaga od terapeuty uko\u0144czenia odpowiednich kurs\u00f3w i korzystania z superwizji.[\/vc_column_text][\/vc_column][\/vc_row][vc_row][vc_column][vc_single_image image=&#8221;2920&#8243; img_size=&#8221;full&#8221;][\/vc_column][\/vc_row]<\/p>\n","protected":false},"excerpt":{"rendered":"<p>[vc_row][vc_column][vc_column_text]Terapia psychodynamiczna \u2013 na czym polega? Podej\u015bcie psychodynamiczne jest stanowiskiem teoretyczno-terapeutycznym, w kt\u00f3rym istot\u0105 wsp\u00f3\u0142pracy mi\u0119dzy pacjentem i terapeut\u0105 jest dynamika prze\u017cy\u0107 psychicznych zachodz\u0105cych u obydwu tych os\u00f3b oraz w obr\u0119bie stworzonej przez nich relacji. Baz\u0105 teoretyczn\u0105 psychoterapii psychodynamicznej jest psychoanaliza i odkrycia jej autora Z. Freuda, ale zarazem p\u00f3\u017aniejsze osi\u0105gni\u0119cia i za\u0142o\u017cenia przedstawicieli teorii [&hellip;]<\/p>\n","protected":false},"author":1,"featured_media":0,"parent":0,"menu_order":0,"comment_status":"closed","ping_status":"closed","template":"","meta":{"om_disable_all_campaigns":false,"_monsterinsights_skip_tracking":false,"_monsterinsights_sitenote_active":false,"_monsterinsights_sitenote_note":"","_monsterinsights_sitenote_category":0},"yoast_head":"<!-- This site is optimized with the Yoast SEO Premium plugin v17.8 (Yoast SEO v18.5.1) - https:\/\/yoast.com\/wordpress\/plugins\/seo\/ -->\n<title>Psychoterapia psychodynamiczna - kamilhawliczek.pl<\/title>\n<meta name=\"robots\" content=\"index, follow, max-snippet:-1, max-image-preview:large, max-video-preview:-1\" \/>\n<link rel=\"canonical\" href=\"https:\/\/kamilhawliczek.pl\/?page_id=2891\" \/>\n<meta property=\"og:locale\" content=\"pl_PL\" \/>\n<meta property=\"og:type\" content=\"article\" \/>\n<meta property=\"og:title\" content=\"Psychoterapia psychodynamiczna\" \/>\n<meta property=\"og:description\" content=\"[vc_row][vc_column][vc_column_text]Terapia psychodynamiczna \u2013 na czym polega? Podej\u015bcie psychodynamiczne jest stanowiskiem teoretyczno-terapeutycznym, w kt\u00f3rym istot\u0105 wsp\u00f3\u0142pracy mi\u0119dzy pacjentem i terapeut\u0105 jest dynamika prze\u017cy\u0107 psychicznych zachodz\u0105cych u obydwu tych os\u00f3b oraz w obr\u0119bie stworzonej przez nich relacji. Baz\u0105 teoretyczn\u0105 psychoterapii psychodynamicznej jest psychoanaliza i odkrycia jej autora Z. Freuda, ale zarazem p\u00f3\u017aniejsze osi\u0105gni\u0119cia i za\u0142o\u017cenia przedstawicieli teorii [&hellip;]\" \/>\n<meta property=\"og:url\" content=\"https:\/\/kamilhawliczek.pl\/?page_id=2891\" \/>\n<meta property=\"og:site_name\" content=\"kamilhawliczek.pl\" \/>\n<meta property=\"article:modified_time\" content=\"2022-02-14T19:05:34+00:00\" \/>\n<meta name=\"twitter:card\" content=\"summary_large_image\" \/>\n<meta name=\"twitter:label1\" content=\"Szacowany czas czytania\" \/>\n\t<meta name=\"twitter:data1\" content=\"3 minuty\" \/>\n<script type=\"application\/ld+json\" class=\"yoast-schema-graph\">{\"@context\":\"https:\/\/schema.org\",\"@graph\":[{\"@type\":\"WebSite\",\"@id\":\"https:\/\/kamilhawliczek.pl\/#website\",\"url\":\"https:\/\/kamilhawliczek.pl\/\",\"name\":\"kamilhawliczek.pl\",\"description\":\"Psycholog, psychoterapeuta Kamil Hawliczek\",\"potentialAction\":[{\"@type\":\"SearchAction\",\"target\":{\"@type\":\"EntryPoint\",\"urlTemplate\":\"https:\/\/kamilhawliczek.pl\/?s={search_term_string}\"},\"query-input\":\"required name=search_term_string\"}],\"inLanguage\":\"pl-PL\"},{\"@type\":\"WebPage\",\"@id\":\"https:\/\/kamilhawliczek.pl\/?page_id=2891#webpage\",\"url\":\"https:\/\/kamilhawliczek.pl\/?page_id=2891\",\"name\":\"Psychoterapia psychodynamiczna - kamilhawliczek.pl\",\"isPartOf\":{\"@id\":\"https:\/\/kamilhawliczek.pl\/#website\"},\"datePublished\":\"2022-02-14T10:40:16+00:00\",\"dateModified\":\"2022-02-14T19:05:34+00:00\",\"breadcrumb\":{\"@id\":\"https:\/\/kamilhawliczek.pl\/?page_id=2891#breadcrumb\"},\"inLanguage\":\"pl-PL\",\"potentialAction\":[{\"@type\":\"ReadAction\",\"target\":[\"https:\/\/kamilhawliczek.pl\/?page_id=2891\"]}]},{\"@type\":\"BreadcrumbList\",\"@id\":\"https:\/\/kamilhawliczek.pl\/?page_id=2891#breadcrumb\",\"itemListElement\":[{\"@type\":\"ListItem\",\"position\":1,\"name\":\"Home\",\"item\":\"https:\/\/kamilhawliczek.pl\/\"},{\"@type\":\"ListItem\",\"position\":2,\"name\":\"Psychoterapia psychodynamiczna\"}]}]}<\/script>\n<!-- \/ Yoast SEO Premium plugin. -->","yoast_head_json":{"title":"Psychoterapia psychodynamiczna - kamilhawliczek.pl","robots":{"index":"index","follow":"follow","max-snippet":"max-snippet:-1","max-image-preview":"max-image-preview:large","max-video-preview":"max-video-preview:-1"},"canonical":"https:\/\/kamilhawliczek.pl\/?page_id=2891","og_locale":"pl_PL","og_type":"article","og_title":"Psychoterapia psychodynamiczna","og_description":"[vc_row][vc_column][vc_column_text]Terapia psychodynamiczna \u2013 na czym polega? Podej\u015bcie psychodynamiczne jest stanowiskiem teoretyczno-terapeutycznym, w kt\u00f3rym istot\u0105 wsp\u00f3\u0142pracy mi\u0119dzy pacjentem i terapeut\u0105 jest dynamika prze\u017cy\u0107 psychicznych zachodz\u0105cych u obydwu tych os\u00f3b oraz w obr\u0119bie stworzonej przez nich relacji. Baz\u0105 teoretyczn\u0105 psychoterapii psychodynamicznej jest psychoanaliza i odkrycia jej autora Z. Freuda, ale zarazem p\u00f3\u017aniejsze osi\u0105gni\u0119cia i za\u0142o\u017cenia przedstawicieli teorii [&hellip;]","og_url":"https:\/\/kamilhawliczek.pl\/?page_id=2891","og_site_name":"kamilhawliczek.pl","article_modified_time":"2022-02-14T19:05:34+00:00","twitter_card":"summary_large_image","twitter_misc":{"Szacowany czas czytania":"3 minuty"},"schema":{"@context":"https:\/\/schema.org","@graph":[{"@type":"WebSite","@id":"https:\/\/kamilhawliczek.pl\/#website","url":"https:\/\/kamilhawliczek.pl\/","name":"kamilhawliczek.pl","description":"Psycholog, psychoterapeuta Kamil Hawliczek","potentialAction":[{"@type":"SearchAction","target":{"@type":"EntryPoint","urlTemplate":"https:\/\/kamilhawliczek.pl\/?s={search_term_string}"},"query-input":"required name=search_term_string"}],"inLanguage":"pl-PL"},{"@type":"WebPage","@id":"https:\/\/kamilhawliczek.pl\/?page_id=2891#webpage","url":"https:\/\/kamilhawliczek.pl\/?page_id=2891","name":"Psychoterapia psychodynamiczna - kamilhawliczek.pl","isPartOf":{"@id":"https:\/\/kamilhawliczek.pl\/#website"},"datePublished":"2022-02-14T10:40:16+00:00","dateModified":"2022-02-14T19:05:34+00:00","breadcrumb":{"@id":"https:\/\/kamilhawliczek.pl\/?page_id=2891#breadcrumb"},"inLanguage":"pl-PL","potentialAction":[{"@type":"ReadAction","target":["https:\/\/kamilhawliczek.pl\/?page_id=2891"]}]},{"@type":"BreadcrumbList","@id":"https:\/\/kamilhawliczek.pl\/?page_id=2891#breadcrumb","itemListElement":[{"@type":"ListItem","position":1,"name":"Home","item":"https:\/\/kamilhawliczek.pl\/"},{"@type":"ListItem","position":2,"name":"Psychoterapia psychodynamiczna"}]}]}},"_links":{"self":[{"href":"https:\/\/kamilhawliczek.pl\/index.php?rest_route=\/wp\/v2\/pages\/2891"}],"collection":[{"href":"https:\/\/kamilhawliczek.pl\/index.php?rest_route=\/wp\/v2\/pages"}],"about":[{"href":"https:\/\/kamilhawliczek.pl\/index.php?rest_route=\/wp\/v2\/types\/page"}],"author":[{"embeddable":true,"href":"https:\/\/kamilhawliczek.pl\/index.php?rest_route=\/wp\/v2\/users\/1"}],"replies":[{"embeddable":true,"href":"https:\/\/kamilhawliczek.pl\/index.php?rest_route=%2Fwp%2Fv2%2Fcomments&post=2891"}],"version-history":[{"count":5,"href":"https:\/\/kamilhawliczek.pl\/index.php?rest_route=\/wp\/v2\/pages\/2891\/revisions"}],"predecessor-version":[{"id":2968,"href":"https:\/\/kamilhawliczek.pl\/index.php?rest_route=\/wp\/v2\/pages\/2891\/revisions\/2968"}],"wp:attachment":[{"href":"https:\/\/kamilhawliczek.pl\/index.php?rest_route=%2Fwp%2Fv2%2Fmedia&parent=2891"}],"curies":[{"name":"wp","href":"https:\/\/api.w.org\/{rel}","templated":true}]}}