{"id":2899,"date":"2022-02-14T11:51:24","date_gmt":"2022-02-14T10:51:24","guid":{"rendered":"https:\/\/kamilhawliczek.pl\/?page_id=2899"},"modified":"2022-02-18T12:50:46","modified_gmt":"2022-02-18T11:50:46","slug":"pierwszespotkanie","status":"publish","type":"page","link":"https:\/\/kamilhawliczek.pl\/?page_id=2899","title":{"rendered":"Jak przygotowa\u0107 si\u0119 na spotkanie z terapeut\u0105?"},"content":{"rendered":"<p>[vc_row][vc_column][vc_column_text]Zasadniczo nie jest wymagane \u017cadne szczeg\u00f3lne przygotowanie. Cz\u0119sto jednak w stresie mo\u017cemy zapomnie\u0107 o tematach, kt\u00f3re chcieliby\u015bmy poruszy\u0107 podczas pierwszej wizyty u psychologa. Dlatego warto sporz\u0105dzi\u0107 sobie pisemn\u0105 list\u0119, do kt\u00f3rej zawsze b\u0119dzie mo\u017cna zajrze\u0107. Nie jest jednak mo\u017cliwe, aby w wystarczaj\u0105cym stopniu om\u00f3wi\u0107 wszystkie zagadnienia. Spora cz\u0119\u015b\u0107 pacjent\u00f3w wychodzi z gabinetu z poczuciem niedosytu i rozczarowania \u2013 \u201ePrzecie\u017c tyle chcia\u0142em przekaza\u0107, a niemal o wszystkim zapomnia\u0142em\u201d. \u201eWizyta trwa\u0142a tylko godzin\u0119, to dla mnie za kr\u00f3tko\u201d. To jednak ca\u0142kowicie naturalne, w czasie pierwszego spotkania mo\u017cna jedynie zasygnalizowa\u0107 niekt\u00f3re kwestie \u2013 podczas kolejnych sesji b\u0119dzie okazja, aby do nich wr\u00f3ci\u0107 i szerzej om\u00f3wi\u0107.[\/vc_column_text][\/vc_column][\/vc_row][vc_row][vc_column][vc_single_image image=&#8221;2912&#8243; img_size=&#8221;large&#8221; alignment=&#8221;center&#8221;][\/vc_column][\/vc_row]<\/p>\n","protected":false},"excerpt":{"rendered":"<p>[vc_row][vc_column][vc_column_text]Zasadniczo nie jest wymagane \u017cadne szczeg\u00f3lne przygotowanie. Cz\u0119sto jednak w stresie mo\u017cemy zapomnie\u0107 o tematach, kt\u00f3re chcieliby\u015bmy poruszy\u0107 podczas pierwszej wizyty u psychologa. Dlatego warto sporz\u0105dzi\u0107 sobie pisemn\u0105 list\u0119, do kt\u00f3rej zawsze b\u0119dzie mo\u017cna zajrze\u0107. Nie jest jednak mo\u017cliwe, aby w wystarczaj\u0105cym stopniu om\u00f3wi\u0107 wszystkie zagadnienia. Spora cz\u0119\u015b\u0107 pacjent\u00f3w wychodzi z gabinetu z poczuciem niedosytu [&hellip;]<\/p>\n","protected":false},"author":1,"featured_media":0,"parent":0,"menu_order":0,"comment_status":"closed","ping_status":"closed","template":"","meta":{"om_disable_all_campaigns":false,"_monsterinsights_skip_tracking":false,"_monsterinsights_sitenote_active":false,"_monsterinsights_sitenote_note":"","_monsterinsights_sitenote_category":0},"yoast_head":"<!-- This site is optimized with the Yoast SEO Premium plugin v17.8 (Yoast SEO v18.5.1) - https:\/\/yoast.com\/wordpress\/plugins\/seo\/ -->\n<title>Jak przygotowa\u0107 si\u0119 na spotkanie z terapeut\u0105? - kamilhawliczek.pl<\/title>\n<meta name=\"description\" content=\"Wyja\u015bniam, co mo\u017cna zrobi\u0107 przed wizyt\u0105 u psychoterapeuty. Jak si\u0119 przygotowa\u0107 na pierwsze spotkanie z terapeut\u0105?\" \/>\n<meta name=\"robots\" content=\"index, follow, max-snippet:-1, max-image-preview:large, max-video-preview:-1\" \/>\n<link rel=\"canonical\" href=\"https:\/\/kamilhawliczek.pl\/?page_id=2899\" \/>\n<meta property=\"og:locale\" content=\"pl_PL\" \/>\n<meta property=\"og:type\" content=\"article\" \/>\n<meta property=\"og:title\" content=\"Jak przygotowa\u0107 si\u0119 na spotkanie z terapeut\u0105?\" \/>\n<meta property=\"og:description\" content=\"Wyja\u015bniam, co mo\u017cna zrobi\u0107 przed wizyt\u0105 u psychoterapeuty. Jak si\u0119 przygotowa\u0107 na pierwsze spotkanie z terapeut\u0105?\" \/>\n<meta property=\"og:url\" content=\"https:\/\/kamilhawliczek.pl\/?page_id=2899\" \/>\n<meta property=\"og:site_name\" content=\"kamilhawliczek.pl\" \/>\n<meta property=\"article:modified_time\" content=\"2022-02-18T11:50:46+00:00\" \/>\n<meta name=\"twitter:card\" content=\"summary_large_image\" \/>\n<meta name=\"twitter:label1\" content=\"Szacowany czas czytania\" \/>\n\t<meta name=\"twitter:data1\" content=\"1 minuta\" \/>\n<script type=\"application\/ld+json\" class=\"yoast-schema-graph\">{\"@context\":\"https:\/\/schema.org\",\"@graph\":[{\"@type\":\"WebSite\",\"@id\":\"https:\/\/kamilhawliczek.pl\/#website\",\"url\":\"https:\/\/kamilhawliczek.pl\/\",\"name\":\"kamilhawliczek.pl\",\"description\":\"Psycholog, psychoterapeuta Kamil Hawliczek\",\"potentialAction\":[{\"@type\":\"SearchAction\",\"target\":{\"@type\":\"EntryPoint\",\"urlTemplate\":\"https:\/\/kamilhawliczek.pl\/?s={search_term_string}\"},\"query-input\":\"required name=search_term_string\"}],\"inLanguage\":\"pl-PL\"},{\"@type\":\"WebPage\",\"@id\":\"https:\/\/kamilhawliczek.pl\/?page_id=2899#webpage\",\"url\":\"https:\/\/kamilhawliczek.pl\/?page_id=2899\",\"name\":\"Jak przygotowa\u0107 si\u0119 na spotkanie z terapeut\u0105? - kamilhawliczek.pl\",\"isPartOf\":{\"@id\":\"https:\/\/kamilhawliczek.pl\/#website\"},\"datePublished\":\"2022-02-14T10:51:24+00:00\",\"dateModified\":\"2022-02-18T11:50:46+00:00\",\"description\":\"Wyja\u015bniam, co mo\u017cna zrobi\u0107 przed wizyt\u0105 u psychoterapeuty. Jak si\u0119 przygotowa\u0107 na pierwsze spotkanie z terapeut\u0105?\",\"breadcrumb\":{\"@id\":\"https:\/\/kamilhawliczek.pl\/?page_id=2899#breadcrumb\"},\"inLanguage\":\"pl-PL\",\"potentialAction\":[{\"@type\":\"ReadAction\",\"target\":[\"https:\/\/kamilhawliczek.pl\/?page_id=2899\"]}]},{\"@type\":\"BreadcrumbList\",\"@id\":\"https:\/\/kamilhawliczek.pl\/?page_id=2899#breadcrumb\",\"itemListElement\":[{\"@type\":\"ListItem\",\"position\":1,\"name\":\"Home\",\"item\":\"https:\/\/kamilhawliczek.pl\/\"},{\"@type\":\"ListItem\",\"position\":2,\"name\":\"Jak przygotowa\u0107 si\u0119 na spotkanie z terapeut\u0105?\"}]}]}<\/script>\n<!-- \/ Yoast SEO Premium plugin. -->","yoast_head_json":{"title":"Jak przygotowa\u0107 si\u0119 na spotkanie z terapeut\u0105? - kamilhawliczek.pl","description":"Wyja\u015bniam, co mo\u017cna zrobi\u0107 przed wizyt\u0105 u psychoterapeuty. Jak si\u0119 przygotowa\u0107 na pierwsze spotkanie z terapeut\u0105?","robots":{"index":"index","follow":"follow","max-snippet":"max-snippet:-1","max-image-preview":"max-image-preview:large","max-video-preview":"max-video-preview:-1"},"canonical":"https:\/\/kamilhawliczek.pl\/?page_id=2899","og_locale":"pl_PL","og_type":"article","og_title":"Jak przygotowa\u0107 si\u0119 na spotkanie z terapeut\u0105?","og_description":"Wyja\u015bniam, co mo\u017cna zrobi\u0107 przed wizyt\u0105 u psychoterapeuty. Jak si\u0119 przygotowa\u0107 na pierwsze spotkanie z terapeut\u0105?","og_url":"https:\/\/kamilhawliczek.pl\/?page_id=2899","og_site_name":"kamilhawliczek.pl","article_modified_time":"2022-02-18T11:50:46+00:00","twitter_card":"summary_large_image","twitter_misc":{"Szacowany czas czytania":"1 minuta"},"schema":{"@context":"https:\/\/schema.org","@graph":[{"@type":"WebSite","@id":"https:\/\/kamilhawliczek.pl\/#website","url":"https:\/\/kamilhawliczek.pl\/","name":"kamilhawliczek.pl","description":"Psycholog, psychoterapeuta Kamil Hawliczek","potentialAction":[{"@type":"SearchAction","target":{"@type":"EntryPoint","urlTemplate":"https:\/\/kamilhawliczek.pl\/?s={search_term_string}"},"query-input":"required name=search_term_string"}],"inLanguage":"pl-PL"},{"@type":"WebPage","@id":"https:\/\/kamilhawliczek.pl\/?page_id=2899#webpage","url":"https:\/\/kamilhawliczek.pl\/?page_id=2899","name":"Jak przygotowa\u0107 si\u0119 na spotkanie z terapeut\u0105? - kamilhawliczek.pl","isPartOf":{"@id":"https:\/\/kamilhawliczek.pl\/#website"},"datePublished":"2022-02-14T10:51:24+00:00","dateModified":"2022-02-18T11:50:46+00:00","description":"Wyja\u015bniam, co mo\u017cna zrobi\u0107 przed wizyt\u0105 u psychoterapeuty. Jak si\u0119 przygotowa\u0107 na pierwsze spotkanie z terapeut\u0105?","breadcrumb":{"@id":"https:\/\/kamilhawliczek.pl\/?page_id=2899#breadcrumb"},"inLanguage":"pl-PL","potentialAction":[{"@type":"ReadAction","target":["https:\/\/kamilhawliczek.pl\/?page_id=2899"]}]},{"@type":"BreadcrumbList","@id":"https:\/\/kamilhawliczek.pl\/?page_id=2899#breadcrumb","itemListElement":[{"@type":"ListItem","position":1,"name":"Home","item":"https:\/\/kamilhawliczek.pl\/"},{"@type":"ListItem","position":2,"name":"Jak przygotowa\u0107 si\u0119 na spotkanie z terapeut\u0105?"}]}]}},"_links":{"self":[{"href":"https:\/\/kamilhawliczek.pl\/index.php?rest_route=\/wp\/v2\/pages\/2899"}],"collection":[{"href":"https:\/\/kamilhawliczek.pl\/index.php?rest_route=\/wp\/v2\/pages"}],"about":[{"href":"https:\/\/kamilhawliczek.pl\/index.php?rest_route=\/wp\/v2\/types\/page"}],"author":[{"embeddable":true,"href":"https:\/\/kamilhawliczek.pl\/index.php?rest_route=\/wp\/v2\/users\/1"}],"replies":[{"embeddable":true,"href":"https:\/\/kamilhawliczek.pl\/index.php?rest_route=%2Fwp%2Fv2%2Fcomments&post=2899"}],"version-history":[{"count":3,"href":"https:\/\/kamilhawliczek.pl\/index.php?rest_route=\/wp\/v2\/pages\/2899\/revisions"}],"predecessor-version":[{"id":3055,"href":"https:\/\/kamilhawliczek.pl\/index.php?rest_route=\/wp\/v2\/pages\/2899\/revisions\/3055"}],"wp:attachment":[{"href":"https:\/\/kamilhawliczek.pl\/index.php?rest_route=%2Fwp%2Fv2%2Fmedia&parent=2899"}],"curies":[{"name":"wp","href":"https:\/\/api.w.org\/{rel}","templated":true}]}}