{"id":2902,"date":"2022-02-14T11:52:14","date_gmt":"2022-02-14T10:52:14","guid":{"rendered":"https:\/\/kamilhawliczek.pl\/?page_id=2902"},"modified":"2022-02-21T11:07:45","modified_gmt":"2022-02-21T10:07:45","slug":"czy-ktos-pozna-moje-tajemnice","status":"publish","type":"page","link":"https:\/\/kamilhawliczek.pl\/?page_id=2902","title":{"rendered":"Czy kto\u015b pozna moje tajemnice?"},"content":{"rendered":"<p>Obowi\u0105zuje mnie tajemnica zawodowa dotycz\u0105ca poruszanych na sesji temat\u00f3w co oznacza, \u017ce nie ujawniam niczego co dotyczy pacjent\u00f3w osobom postronnym.<\/p>\n","protected":false},"excerpt":{"rendered":"<p>Obowi\u0105zuje mnie tajemnica zawodowa dotycz\u0105ca poruszanych na sesji temat\u00f3w co oznacza, \u017ce nie ujawniam niczego co dotyczy pacjent\u00f3w osobom postronnym.<\/p>\n","protected":false},"author":1,"featured_media":0,"parent":0,"menu_order":0,"comment_status":"closed","ping_status":"closed","template":"","meta":{"om_disable_all_campaigns":false,"_monsterinsights_skip_tracking":false,"_monsterinsights_sitenote_active":false,"_monsterinsights_sitenote_note":"","_monsterinsights_sitenote_category":0},"yoast_head":"<!-- This site is optimized with the Yoast SEO Premium plugin v17.8 (Yoast SEO v18.5.1) - https:\/\/yoast.com\/wordpress\/plugins\/seo\/ -->\n<title>Czy kto\u015b pozna moje tajemnice? - kamilhawliczek.pl<\/title>\n<meta name=\"description\" content=\"Odpowied\u017a na pytanie czy twoje tajemnice, sekrety i obawy, kt\u00f3re przekazujesz na terapii, s\u0105 obj\u0119te gwarancj\u0105 poufno\u015bci\" \/>\n<meta name=\"robots\" content=\"index, follow, max-snippet:-1, max-image-preview:large, max-video-preview:-1\" \/>\n<link rel=\"canonical\" href=\"https:\/\/kamilhawliczek.pl\/?page_id=2902\" \/>\n<meta property=\"og:locale\" content=\"pl_PL\" \/>\n<meta property=\"og:type\" content=\"article\" \/>\n<meta property=\"og:title\" content=\"Czy kto\u015b pozna moje tajemnice?\" \/>\n<meta property=\"og:description\" content=\"Odpowied\u017a na pytanie czy twoje tajemnice, sekrety i obawy, kt\u00f3re przekazujesz na terapii, s\u0105 obj\u0119te gwarancj\u0105 poufno\u015bci\" \/>\n<meta property=\"og:url\" content=\"https:\/\/kamilhawliczek.pl\/?page_id=2902\" \/>\n<meta property=\"og:site_name\" content=\"kamilhawliczek.pl\" \/>\n<meta property=\"article:modified_time\" content=\"2022-02-21T10:07:45+00:00\" \/>\n<meta name=\"twitter:card\" content=\"summary_large_image\" \/>\n<meta name=\"twitter:label1\" content=\"Szacowany czas czytania\" \/>\n\t<meta name=\"twitter:data1\" content=\"1 minuta\" \/>\n<script type=\"application\/ld+json\" class=\"yoast-schema-graph\">{\"@context\":\"https:\/\/schema.org\",\"@graph\":[{\"@type\":\"WebSite\",\"@id\":\"https:\/\/kamilhawliczek.pl\/#website\",\"url\":\"https:\/\/kamilhawliczek.pl\/\",\"name\":\"kamilhawliczek.pl\",\"description\":\"Psycholog, psychoterapeuta Kamil Hawliczek\",\"potentialAction\":[{\"@type\":\"SearchAction\",\"target\":{\"@type\":\"EntryPoint\",\"urlTemplate\":\"https:\/\/kamilhawliczek.pl\/?s={search_term_string}\"},\"query-input\":\"required name=search_term_string\"}],\"inLanguage\":\"pl-PL\"},{\"@type\":\"WebPage\",\"@id\":\"https:\/\/kamilhawliczek.pl\/?page_id=2902#webpage\",\"url\":\"https:\/\/kamilhawliczek.pl\/?page_id=2902\",\"name\":\"Czy kto\u015b pozna moje tajemnice? - kamilhawliczek.pl\",\"isPartOf\":{\"@id\":\"https:\/\/kamilhawliczek.pl\/#website\"},\"datePublished\":\"2022-02-14T10:52:14+00:00\",\"dateModified\":\"2022-02-21T10:07:45+00:00\",\"description\":\"Odpowied\u017a na pytanie czy twoje tajemnice, sekrety i obawy, kt\u00f3re przekazujesz na terapii, s\u0105 obj\u0119te gwarancj\u0105 poufno\u015bci\",\"breadcrumb\":{\"@id\":\"https:\/\/kamilhawliczek.pl\/?page_id=2902#breadcrumb\"},\"inLanguage\":\"pl-PL\",\"potentialAction\":[{\"@type\":\"ReadAction\",\"target\":[\"https:\/\/kamilhawliczek.pl\/?page_id=2902\"]}]},{\"@type\":\"BreadcrumbList\",\"@id\":\"https:\/\/kamilhawliczek.pl\/?page_id=2902#breadcrumb\",\"itemListElement\":[{\"@type\":\"ListItem\",\"position\":1,\"name\":\"Home\",\"item\":\"https:\/\/kamilhawliczek.pl\/\"},{\"@type\":\"ListItem\",\"position\":2,\"name\":\"Czy kto\u015b pozna moje tajemnice?\"}]}]}<\/script>\n<!-- \/ Yoast SEO Premium plugin. -->","yoast_head_json":{"title":"Czy kto\u015b pozna moje tajemnice? - kamilhawliczek.pl","description":"Odpowied\u017a na pytanie czy twoje tajemnice, sekrety i obawy, kt\u00f3re przekazujesz na terapii, s\u0105 obj\u0119te gwarancj\u0105 poufno\u015bci","robots":{"index":"index","follow":"follow","max-snippet":"max-snippet:-1","max-image-preview":"max-image-preview:large","max-video-preview":"max-video-preview:-1"},"canonical":"https:\/\/kamilhawliczek.pl\/?page_id=2902","og_locale":"pl_PL","og_type":"article","og_title":"Czy kto\u015b pozna moje tajemnice?","og_description":"Odpowied\u017a na pytanie czy twoje tajemnice, sekrety i obawy, kt\u00f3re przekazujesz na terapii, s\u0105 obj\u0119te gwarancj\u0105 poufno\u015bci","og_url":"https:\/\/kamilhawliczek.pl\/?page_id=2902","og_site_name":"kamilhawliczek.pl","article_modified_time":"2022-02-21T10:07:45+00:00","twitter_card":"summary_large_image","twitter_misc":{"Szacowany czas czytania":"1 minuta"},"schema":{"@context":"https:\/\/schema.org","@graph":[{"@type":"WebSite","@id":"https:\/\/kamilhawliczek.pl\/#website","url":"https:\/\/kamilhawliczek.pl\/","name":"kamilhawliczek.pl","description":"Psycholog, psychoterapeuta Kamil Hawliczek","potentialAction":[{"@type":"SearchAction","target":{"@type":"EntryPoint","urlTemplate":"https:\/\/kamilhawliczek.pl\/?s={search_term_string}"},"query-input":"required name=search_term_string"}],"inLanguage":"pl-PL"},{"@type":"WebPage","@id":"https:\/\/kamilhawliczek.pl\/?page_id=2902#webpage","url":"https:\/\/kamilhawliczek.pl\/?page_id=2902","name":"Czy kto\u015b pozna moje tajemnice? - kamilhawliczek.pl","isPartOf":{"@id":"https:\/\/kamilhawliczek.pl\/#website"},"datePublished":"2022-02-14T10:52:14+00:00","dateModified":"2022-02-21T10:07:45+00:00","description":"Odpowied\u017a na pytanie czy twoje tajemnice, sekrety i obawy, kt\u00f3re przekazujesz na terapii, s\u0105 obj\u0119te gwarancj\u0105 poufno\u015bci","breadcrumb":{"@id":"https:\/\/kamilhawliczek.pl\/?page_id=2902#breadcrumb"},"inLanguage":"pl-PL","potentialAction":[{"@type":"ReadAction","target":["https:\/\/kamilhawliczek.pl\/?page_id=2902"]}]},{"@type":"BreadcrumbList","@id":"https:\/\/kamilhawliczek.pl\/?page_id=2902#breadcrumb","itemListElement":[{"@type":"ListItem","position":1,"name":"Home","item":"https:\/\/kamilhawliczek.pl\/"},{"@type":"ListItem","position":2,"name":"Czy kto\u015b pozna moje tajemnice?"}]}]}},"_links":{"self":[{"href":"https:\/\/kamilhawliczek.pl\/index.php?rest_route=\/wp\/v2\/pages\/2902"}],"collection":[{"href":"https:\/\/kamilhawliczek.pl\/index.php?rest_route=\/wp\/v2\/pages"}],"about":[{"href":"https:\/\/kamilhawliczek.pl\/index.php?rest_route=\/wp\/v2\/types\/page"}],"author":[{"embeddable":true,"href":"https:\/\/kamilhawliczek.pl\/index.php?rest_route=\/wp\/v2\/users\/1"}],"replies":[{"embeddable":true,"href":"https:\/\/kamilhawliczek.pl\/index.php?rest_route=%2Fwp%2Fv2%2Fcomments&post=2902"}],"version-history":[{"count":3,"href":"https:\/\/kamilhawliczek.pl\/index.php?rest_route=\/wp\/v2\/pages\/2902\/revisions"}],"predecessor-version":[{"id":3084,"href":"https:\/\/kamilhawliczek.pl\/index.php?rest_route=\/wp\/v2\/pages\/2902\/revisions\/3084"}],"wp:attachment":[{"href":"https:\/\/kamilhawliczek.pl\/index.php?rest_route=%2Fwp%2Fv2%2Fmedia&parent=2902"}],"curies":[{"name":"wp","href":"https:\/\/api.w.org\/{rel}","templated":true}]}}